{"id":65675,"date":"2025-12-29T09:45:41","date_gmt":"2026-01-23T11:02:26","guid":{"rendered":"https:\/\/lilibet.ee\/toode\/pehmeat-kaarituottomat-rintaliivit-georgina\/"},"modified":"2026-01-23T13:02:26","modified_gmt":"2026-01-23T11:02:26","slug":"pehmeat-kaarituottomat-rintaliivit-georgina","status":"publish","type":"product","link":"https:\/\/lilibet.ee\/fi\/tuote\/pehmeat-kaarituottomat-rintaliivit-georgina\/","title":{"rendered":"Pehme\u00e4t kaarituettomat rintaliivit Georgina<br>"},"content":{"rendered":"","protected":false},"excerpt":{"rendered":"<p>Rintaliivit on valmistettu pehme\u00e4st\u00e4 puuvillasta ja niiss\u00e4 on kaarituettomuus. Leve\u00e4t olkaimet tekev\u00e4t niist\u00e4 mukavat k\u00e4ytt\u00e4\u00e4. <\/p>\n","protected":false},"featured_media":65566,"comment_status":"open","ping_status":"closed","template":"","meta":{"iawp_total_views":2},"product_brand":[],"product_cat":[886],"product_tag":[],"class_list":{"0":"post-65675","1":"product","2":"type-product","3":"status-publish","4":"has-post-thumbnail","6":"product_cat-pehmeat","8":"first","9":"instock","10":"taxable","11":"shipping-taxable","12":"purchasable","13":"product-type-variable"},"yoast_head":"<!-- This site is optimized with the Yoast SEO plugin v25.1 - https:\/\/yoast.com\/wordpress\/plugins\/seo\/ -->\n<title>Pehme\u00e4t kaarituettomat rintaliivit Georgina - Lilibet Pesusalong<\/title>\n<meta name=\"description\" content=\"Rintaliivit on valmistettu pehme\u00e4st\u00e4 puuvillasta ja niiss\u00e4 on kaarituettomuus. Leve\u00e4t olkaimet tekev\u00e4t niist\u00e4 mukavat k\u00e4ytt\u00e4\u00e4.\" \/>\n<meta name=\"robots\" content=\"index, follow, max-snippet:-1, max-image-preview:large, max-video-preview:-1\" \/>\n<link rel=\"canonical\" href=\"https:\/\/lilibet.ee\/fi\/tuote\/pehmeat-kaarituottomat-rintaliivit-georgina\/\" \/>\n<meta property=\"og:locale\" content=\"fi_FI\" \/>\n<meta property=\"og:type\" content=\"article\" \/>\n<meta property=\"og:title\" content=\"Pehme\u00e4t kaarituettomat rintaliivit Georgina - Lilibet Pesusalong\" \/>\n<meta property=\"og:description\" content=\"Rintaliivit on valmistettu pehme\u00e4st\u00e4 puuvillasta ja niiss\u00e4 on kaarituettomuus. Leve\u00e4t olkaimet tekev\u00e4t niist\u00e4 mukavat k\u00e4ytt\u00e4\u00e4.\" \/>\n<meta property=\"og:url\" content=\"https:\/\/lilibet.ee\/fi\/tuote\/pehmeat-kaarituottomat-rintaliivit-georgina\/\" \/>\n<meta property=\"og:site_name\" content=\"Lilibet Pesusalong\" \/>\n<meta property=\"article:publisher\" content=\"https:\/\/www.facebook.com\/linettepesu\" \/>\n<meta property=\"og:image\" content=\"https:\/\/lilibet.ee\/wp-content\/uploads\/2_GEORGINA_D1427A-V00_2-FRONT-22A_tm9ulc_preview_rev_1.jpeg\" \/>\n\t<meta property=\"og:image:width\" content=\"408\" \/>\n\t<meta property=\"og:image:height\" content=\"612\" \/>\n\t<meta property=\"og:image:type\" content=\"image\/jpeg\" \/>\n<meta name=\"twitter:card\" content=\"summary_large_image\" \/>\n<script type=\"application\/ld+json\" class=\"yoast-schema-graph\">{\"@context\":\"https:\/\/schema.org\",\"@graph\":[{\"@type\":\"WebPage\",\"@id\":\"https:\/\/lilibet.ee\/fi\/tuote\/pehmeat-kaarituottomat-rintaliivit-georgina\/\",\"url\":\"https:\/\/lilibet.ee\/fi\/tuote\/pehmeat-kaarituottomat-rintaliivit-georgina\/\",\"name\":\"Pehme\u00e4t kaarituettomat rintaliivit Georgina - Lilibet Pesusalong\",\"isPartOf\":{\"@id\":\"https:\/\/linette.ee\/#website\"},\"primaryImageOfPage\":{\"@id\":\"https:\/\/lilibet.ee\/fi\/tuote\/pehmeat-kaarituottomat-rintaliivit-georgina\/#primaryimage\"},\"image\":{\"@id\":\"https:\/\/lilibet.ee\/fi\/tuote\/pehmeat-kaarituottomat-rintaliivit-georgina\/#primaryimage\"},\"thumbnailUrl\":\"https:\/\/lilibet.ee\/wp-content\/uploads\/2_GEORGINA_D1427A-V00_2-FRONT-22A_tm9ulc_preview_rev_1.jpeg\",\"datePublished\":\"2026-01-23T11:02:26+00:00\",\"description\":\"Rintaliivit on valmistettu pehme\u00e4st\u00e4 puuvillasta ja niiss\u00e4 on kaarituettomuus. Leve\u00e4t olkaimet tekev\u00e4t niist\u00e4 mukavat k\u00e4ytt\u00e4\u00e4.\",\"breadcrumb\":{\"@id\":\"https:\/\/lilibet.ee\/fi\/tuote\/pehmeat-kaarituottomat-rintaliivit-georgina\/#breadcrumb\"},\"inLanguage\":\"fi\",\"potentialAction\":[{\"@type\":\"ReadAction\",\"target\":[\"https:\/\/lilibet.ee\/fi\/tuote\/pehmeat-kaarituottomat-rintaliivit-georgina\/\"]}]},{\"@type\":\"ImageObject\",\"inLanguage\":\"fi\",\"@id\":\"https:\/\/lilibet.ee\/fi\/tuote\/pehmeat-kaarituottomat-rintaliivit-georgina\/#primaryimage\",\"url\":\"https:\/\/lilibet.ee\/wp-content\/uploads\/2_GEORGINA_D1427A-V00_2-FRONT-22A_tm9ulc_preview_rev_1.jpeg\",\"contentUrl\":\"https:\/\/lilibet.ee\/wp-content\/uploads\/2_GEORGINA_D1427A-V00_2-FRONT-22A_tm9ulc_preview_rev_1.jpeg\",\"width\":408,\"height\":612},{\"@type\":\"BreadcrumbList\",\"@id\":\"https:\/\/lilibet.ee\/fi\/tuote\/pehmeat-kaarituottomat-rintaliivit-georgina\/#breadcrumb\",\"itemListElement\":[{\"@type\":\"ListItem\",\"position\":1,\"name\":\"Esileht\",\"item\":\"https:\/\/lilibet.ee\/fi\/\"},{\"@type\":\"ListItem\",\"position\":2,\"name\":\"Myym\u00e4l\u00e4\",\"item\":\"https:\/\/lilibet.ee\/fi\/shop\/\"},{\"@type\":\"ListItem\",\"position\":3,\"name\":\"Pehme\u00e4t kaarituettomat rintaliivit Georgina\"}]},{\"@type\":\"WebSite\",\"@id\":\"https:\/\/linette.ee\/#website\",\"url\":\"https:\/\/linette.ee\/\",\"name\":\"Lilibet naiste pesusalong\",\"description\":\"Naiste pesu  | Pesupood\",\"publisher\":{\"@id\":\"https:\/\/linette.ee\/#organization\"},\"alternateName\":\"Lilibet\",\"potentialAction\":[{\"@type\":\"SearchAction\",\"target\":{\"@type\":\"EntryPoint\",\"urlTemplate\":\"https:\/\/linette.ee\/?s={search_term_string}\"},\"query-input\":{\"@type\":\"PropertyValueSpecification\",\"valueRequired\":true,\"valueName\":\"search_term_string\"}}],\"inLanguage\":\"fi\"},{\"@type\":\"Organization\",\"@id\":\"https:\/\/linette.ee\/#organization\",\"name\":\"Lilibet Pesusalong O\u00dc\",\"alternateName\":\"Lilibet\",\"url\":\"https:\/\/linette.ee\/\",\"logo\":{\"@type\":\"ImageObject\",\"inLanguage\":\"fi\",\"@id\":\"https:\/\/linette.ee\/#\/schema\/logo\/image\/\",\"url\":\"https:\/\/lilibet.ee\/wp-content\/uploads\/Lilibet_logo-1.png\",\"contentUrl\":\"https:\/\/lilibet.ee\/wp-content\/uploads\/Lilibet_logo-1.png\",\"width\":591,\"height\":378,\"caption\":\"Lilibet Pesusalong O\u00dc\"},\"image\":{\"@id\":\"https:\/\/linette.ee\/#\/schema\/logo\/image\/\"},\"sameAs\":[\"https:\/\/www.facebook.com\/linettepesu\",\"https:\/\/www.instagram.com\/linettelingerie\/\",\"https:\/\/www.youtube.com\/channel\/UChW5cxDfitrlVldFJIlQOQQ\"]}]}<\/script>\n<!-- \/ Yoast SEO plugin. -->","yoast_head_json":{"title":"Pehme\u00e4t kaarituettomat rintaliivit Georgina - Lilibet Pesusalong","description":"Rintaliivit on valmistettu pehme\u00e4st\u00e4 puuvillasta ja niiss\u00e4 on kaarituettomuus. Leve\u00e4t olkaimet tekev\u00e4t niist\u00e4 mukavat k\u00e4ytt\u00e4\u00e4.","robots":{"index":"index","follow":"follow","max-snippet":"max-snippet:-1","max-image-preview":"max-image-preview:large","max-video-preview":"max-video-preview:-1"},"canonical":"https:\/\/lilibet.ee\/fi\/tuote\/pehmeat-kaarituottomat-rintaliivit-georgina\/","og_locale":"fi_FI","og_type":"article","og_title":"Pehme\u00e4t kaarituettomat rintaliivit Georgina - Lilibet Pesusalong","og_description":"Rintaliivit on valmistettu pehme\u00e4st\u00e4 puuvillasta ja niiss\u00e4 on kaarituettomuus. Leve\u00e4t olkaimet tekev\u00e4t niist\u00e4 mukavat k\u00e4ytt\u00e4\u00e4.","og_url":"https:\/\/lilibet.ee\/fi\/tuote\/pehmeat-kaarituottomat-rintaliivit-georgina\/","og_site_name":"Lilibet Pesusalong","article_publisher":"https:\/\/www.facebook.com\/linettepesu","og_image":[{"width":408,"height":612,"url":"https:\/\/lilibet.ee\/wp-content\/uploads\/2_GEORGINA_D1427A-V00_2-FRONT-22A_tm9ulc_preview_rev_1.jpeg","type":"image\/jpeg"}],"twitter_card":"summary_large_image","schema":{"@context":"https:\/\/schema.org","@graph":[{"@type":"WebPage","@id":"https:\/\/lilibet.ee\/fi\/tuote\/pehmeat-kaarituottomat-rintaliivit-georgina\/","url":"https:\/\/lilibet.ee\/fi\/tuote\/pehmeat-kaarituottomat-rintaliivit-georgina\/","name":"Pehme\u00e4t kaarituettomat rintaliivit Georgina - Lilibet Pesusalong","isPartOf":{"@id":"https:\/\/linette.ee\/#website"},"primaryImageOfPage":{"@id":"https:\/\/lilibet.ee\/fi\/tuote\/pehmeat-kaarituottomat-rintaliivit-georgina\/#primaryimage"},"image":{"@id":"https:\/\/lilibet.ee\/fi\/tuote\/pehmeat-kaarituottomat-rintaliivit-georgina\/#primaryimage"},"thumbnailUrl":"https:\/\/lilibet.ee\/wp-content\/uploads\/2_GEORGINA_D1427A-V00_2-FRONT-22A_tm9ulc_preview_rev_1.jpeg","datePublished":"2026-01-23T11:02:26+00:00","description":"Rintaliivit on valmistettu pehme\u00e4st\u00e4 puuvillasta ja niiss\u00e4 on kaarituettomuus. Leve\u00e4t olkaimet tekev\u00e4t niist\u00e4 mukavat k\u00e4ytt\u00e4\u00e4.","breadcrumb":{"@id":"https:\/\/lilibet.ee\/fi\/tuote\/pehmeat-kaarituottomat-rintaliivit-georgina\/#breadcrumb"},"inLanguage":"fi","potentialAction":[{"@type":"ReadAction","target":["https:\/\/lilibet.ee\/fi\/tuote\/pehmeat-kaarituottomat-rintaliivit-georgina\/"]}]},{"@type":"ImageObject","inLanguage":"fi","@id":"https:\/\/lilibet.ee\/fi\/tuote\/pehmeat-kaarituottomat-rintaliivit-georgina\/#primaryimage","url":"https:\/\/lilibet.ee\/wp-content\/uploads\/2_GEORGINA_D1427A-V00_2-FRONT-22A_tm9ulc_preview_rev_1.jpeg","contentUrl":"https:\/\/lilibet.ee\/wp-content\/uploads\/2_GEORGINA_D1427A-V00_2-FRONT-22A_tm9ulc_preview_rev_1.jpeg","width":408,"height":612},{"@type":"BreadcrumbList","@id":"https:\/\/lilibet.ee\/fi\/tuote\/pehmeat-kaarituottomat-rintaliivit-georgina\/#breadcrumb","itemListElement":[{"@type":"ListItem","position":1,"name":"Esileht","item":"https:\/\/lilibet.ee\/fi\/"},{"@type":"ListItem","position":2,"name":"Myym\u00e4l\u00e4","item":"https:\/\/lilibet.ee\/fi\/shop\/"},{"@type":"ListItem","position":3,"name":"Pehme\u00e4t kaarituettomat rintaliivit Georgina"}]},{"@type":"WebSite","@id":"https:\/\/linette.ee\/#website","url":"https:\/\/linette.ee\/","name":"Lilibet naiste pesusalong","description":"Naiste pesu  | Pesupood","publisher":{"@id":"https:\/\/linette.ee\/#organization"},"alternateName":"Lilibet","potentialAction":[{"@type":"SearchAction","target":{"@type":"EntryPoint","urlTemplate":"https:\/\/linette.ee\/?s={search_term_string}"},"query-input":{"@type":"PropertyValueSpecification","valueRequired":true,"valueName":"search_term_string"}}],"inLanguage":"fi"},{"@type":"Organization","@id":"https:\/\/linette.ee\/#organization","name":"Lilibet Pesusalong O\u00dc","alternateName":"Lilibet","url":"https:\/\/linette.ee\/","logo":{"@type":"ImageObject","inLanguage":"fi","@id":"https:\/\/linette.ee\/#\/schema\/logo\/image\/","url":"https:\/\/lilibet.ee\/wp-content\/uploads\/Lilibet_logo-1.png","contentUrl":"https:\/\/lilibet.ee\/wp-content\/uploads\/Lilibet_logo-1.png","width":591,"height":378,"caption":"Lilibet Pesusalong O\u00dc"},"image":{"@id":"https:\/\/linette.ee\/#\/schema\/logo\/image\/"},"sameAs":["https:\/\/www.facebook.com\/linettepesu","https:\/\/www.instagram.com\/linettelingerie\/","https:\/\/www.youtube.com\/channel\/UChW5cxDfitrlVldFJIlQOQQ"]}]}},"_links":{"self":[{"href":"https:\/\/lilibet.ee\/fi\/wp-json\/wp\/v2\/product\/65675","targetHints":{"allow":["GET"]}}],"collection":[{"href":"https:\/\/lilibet.ee\/fi\/wp-json\/wp\/v2\/product"}],"about":[{"href":"https:\/\/lilibet.ee\/fi\/wp-json\/wp\/v2\/types\/product"}],"replies":[{"embeddable":true,"href":"https:\/\/lilibet.ee\/fi\/wp-json\/wp\/v2\/comments?post=65675"}],"wp:featuredmedia":[{"embeddable":true,"href":"https:\/\/lilibet.ee\/fi\/wp-json\/wp\/v2\/media\/65566"}],"wp:attachment":[{"href":"https:\/\/lilibet.ee\/fi\/wp-json\/wp\/v2\/media?parent=65675"}],"wp:term":[{"taxonomy":"product_brand","embeddable":true,"href":"https:\/\/lilibet.ee\/fi\/wp-json\/wp\/v2\/product_brand?post=65675"},{"taxonomy":"product_cat","embeddable":true,"href":"https:\/\/lilibet.ee\/fi\/wp-json\/wp\/v2\/product_cat?post=65675"},{"taxonomy":"product_tag","embeddable":true,"href":"https:\/\/lilibet.ee\/fi\/wp-json\/wp\/v2\/product_tag?post=65675"}],"curies":[{"name":"wp","href":"https:\/\/api.w.org\/{rel}","templated":true}]}}