{"id":65140,"date":"2019-10-30T14:15:06","date_gmt":"2025-10-22T10:41:18","guid":{"rendered":"https:\/\/lilibet.ee\/toode\/rinnahoidja-adamo-plum\/"},"modified":"2025-10-22T13:41:52","modified_gmt":"2025-10-22T10:41:52","slug":"rinnahoidja-adamo-plum","status":"publish","type":"product","link":"https:\/\/lilibet.ee\/fi\/tuote\/rinnahoidja-adamo-plum\/","title":{"rendered":"Vormitud rinnahoidja Adamo"},"content":{"rendered":"","protected":false},"excerpt":{"rendered":"<p>Kevyesti topattu rintaliivit, joissa on pehme\u00e4 kaarituet hankausten est\u00e4miseksi ja nikkelitt\u00f6mi\u00e4 kiinnikkeit\u00e4. Pehme\u00e4 kaarituet my\u00f6t\u00e4ilev\u00e4t vartalon muotoja maksimaalisen mukavuuden takaamiseksi.<br \/>\nMuotoilee rintaliivej\u00e4 luonnollisesti pienemm\u00e4lle rinnolle ja muotoilee ja tukee isompaa rintaa napakasti. S\u00e4\u00e4dett\u00e4v\u00e4t ja mukavat topatut olkaimet. Kevyesti topatut kupit. \u00d6ko-tex-sertifioitu materiaali.    <\/p>\n","protected":false},"featured_media":36082,"comment_status":"open","ping_status":"closed","template":"","meta":{"iawp_total_views":5},"product_brand":[],"product_cat":[921],"product_tag":[],"class_list":{"0":"post-65140","1":"product","2":"type-product","3":"status-publish","4":"has-post-thumbnail","6":"product_cat-kaarituelliset-rintaliivit","8":"first","9":"instock","10":"taxable","11":"shipping-taxable","12":"purchasable","13":"product-type-variable","14":"has-default-attributes"},"yoast_head":"<!-- This site is optimized with the Yoast SEO plugin v25.1 - https:\/\/yoast.com\/wordpress\/plugins\/seo\/ -->\n<title>Vormitud rinnahoidja Adamo - Lilibet Pesusalong<\/title>\n<meta name=\"robots\" content=\"index, follow, max-snippet:-1, max-image-preview:large, max-video-preview:-1\" \/>\n<link rel=\"canonical\" href=\"https:\/\/lilibet.ee\/fi\/tuote\/rinnahoidja-adamo-plum\/\" \/>\n<meta property=\"og:locale\" content=\"fi_FI\" \/>\n<meta property=\"og:type\" content=\"article\" \/>\n<meta property=\"og:title\" content=\"Vormitud rinnahoidja Adamo - Lilibet Pesusalong\" \/>\n<meta property=\"og:description\" content=\"Kevyesti topattu rintaliivit, joissa on pehme\u00e4 kaarituet hankausten est\u00e4miseksi ja nikkelitt\u00f6mi\u00e4 kiinnikkeit\u00e4. Pehme\u00e4 kaarituet my\u00f6t\u00e4ilev\u00e4t vartalon muotoja maksimaalisen mukavuuden takaamiseksi. Muotoilee rintaliivej\u00e4 luonnollisesti pienemm\u00e4lle rinnolle ja muotoilee ja tukee isompaa rintaa napakasti. S\u00e4\u00e4dett\u00e4v\u00e4t ja mukavat topatut olkaimet. Kevyesti topatut kupit. \u00d6ko-tex-sertifioitu materiaali.\" \/>\n<meta property=\"og:url\" content=\"https:\/\/lilibet.ee\/fi\/tuote\/rinnahoidja-adamo-plum\/\" \/>\n<meta property=\"og:site_name\" content=\"Lilibet Pesusalong\" \/>\n<meta property=\"article:publisher\" content=\"https:\/\/www.facebook.com\/linettepesu\" \/>\n<meta property=\"article:modified_time\" content=\"2025-10-22T10:41:52+00:00\" \/>\n<meta property=\"og:image\" content=\"https:\/\/lilibet.ee\/wp-content\/uploads\/SW17570-e.jpg\" \/>\n\t<meta property=\"og:image:width\" content=\"721\" \/>\n\t<meta property=\"og:image:height\" content=\"1080\" \/>\n\t<meta property=\"og:image:type\" content=\"image\/jpeg\" \/>\n<meta name=\"twitter:card\" content=\"summary_large_image\" \/>\n<script type=\"application\/ld+json\" class=\"yoast-schema-graph\">{\"@context\":\"https:\/\/schema.org\",\"@graph\":[{\"@type\":\"WebPage\",\"@id\":\"https:\/\/lilibet.ee\/fi\/tuote\/rinnahoidja-adamo-plum\/\",\"url\":\"https:\/\/lilibet.ee\/fi\/tuote\/rinnahoidja-adamo-plum\/\",\"name\":\"Vormitud rinnahoidja Adamo - Lilibet Pesusalong\",\"isPartOf\":{\"@id\":\"https:\/\/linette.ee\/#website\"},\"primaryImageOfPage\":{\"@id\":\"https:\/\/lilibet.ee\/fi\/tuote\/rinnahoidja-adamo-plum\/#primaryimage\"},\"image\":{\"@id\":\"https:\/\/lilibet.ee\/fi\/tuote\/rinnahoidja-adamo-plum\/#primaryimage\"},\"thumbnailUrl\":\"https:\/\/lilibet.ee\/wp-content\/uploads\/SW17570-e.jpg\",\"datePublished\":\"2025-10-22T10:41:18+00:00\",\"dateModified\":\"2025-10-22T10:41:52+00:00\",\"breadcrumb\":{\"@id\":\"https:\/\/lilibet.ee\/fi\/tuote\/rinnahoidja-adamo-plum\/#breadcrumb\"},\"inLanguage\":\"fi\",\"potentialAction\":[{\"@type\":\"ReadAction\",\"target\":[\"https:\/\/lilibet.ee\/fi\/tuote\/rinnahoidja-adamo-plum\/\"]}]},{\"@type\":\"ImageObject\",\"inLanguage\":\"fi\",\"@id\":\"https:\/\/lilibet.ee\/fi\/tuote\/rinnahoidja-adamo-plum\/#primaryimage\",\"url\":\"https:\/\/lilibet.ee\/wp-content\/uploads\/SW17570-e.jpg\",\"contentUrl\":\"https:\/\/lilibet.ee\/wp-content\/uploads\/SW17570-e.jpg\",\"width\":721,\"height\":1080},{\"@type\":\"BreadcrumbList\",\"@id\":\"https:\/\/lilibet.ee\/fi\/tuote\/rinnahoidja-adamo-plum\/#breadcrumb\",\"itemListElement\":[{\"@type\":\"ListItem\",\"position\":1,\"name\":\"Esileht\",\"item\":\"https:\/\/lilibet.ee\/fi\/\"},{\"@type\":\"ListItem\",\"position\":2,\"name\":\"Myym\u00e4l\u00e4\",\"item\":\"https:\/\/lilibet.ee\/fi\/shop\/\"},{\"@type\":\"ListItem\",\"position\":3,\"name\":\"Vormitud rinnahoidja Adamo\"}]},{\"@type\":\"WebSite\",\"@id\":\"https:\/\/linette.ee\/#website\",\"url\":\"https:\/\/linette.ee\/\",\"name\":\"Lilibet naiste pesusalong\",\"description\":\"Naiste pesu  | Pesupood\",\"publisher\":{\"@id\":\"https:\/\/linette.ee\/#organization\"},\"alternateName\":\"Lilibet\",\"potentialAction\":[{\"@type\":\"SearchAction\",\"target\":{\"@type\":\"EntryPoint\",\"urlTemplate\":\"https:\/\/linette.ee\/?s={search_term_string}\"},\"query-input\":{\"@type\":\"PropertyValueSpecification\",\"valueRequired\":true,\"valueName\":\"search_term_string\"}}],\"inLanguage\":\"fi\"},{\"@type\":\"Organization\",\"@id\":\"https:\/\/linette.ee\/#organization\",\"name\":\"Lilibet Pesusalong O\u00dc\",\"alternateName\":\"Lilibet\",\"url\":\"https:\/\/linette.ee\/\",\"logo\":{\"@type\":\"ImageObject\",\"inLanguage\":\"fi\",\"@id\":\"https:\/\/linette.ee\/#\/schema\/logo\/image\/\",\"url\":\"https:\/\/lilibet.ee\/wp-content\/uploads\/Lilibet_logo-1.png\",\"contentUrl\":\"https:\/\/lilibet.ee\/wp-content\/uploads\/Lilibet_logo-1.png\",\"width\":591,\"height\":378,\"caption\":\"Lilibet Pesusalong O\u00dc\"},\"image\":{\"@id\":\"https:\/\/linette.ee\/#\/schema\/logo\/image\/\"},\"sameAs\":[\"https:\/\/www.facebook.com\/linettepesu\",\"https:\/\/www.instagram.com\/linettelingerie\/\",\"https:\/\/www.youtube.com\/channel\/UChW5cxDfitrlVldFJIlQOQQ\"]}]}<\/script>\n<!-- \/ Yoast SEO plugin. -->","yoast_head_json":{"title":"Vormitud rinnahoidja Adamo - Lilibet Pesusalong","robots":{"index":"index","follow":"follow","max-snippet":"max-snippet:-1","max-image-preview":"max-image-preview:large","max-video-preview":"max-video-preview:-1"},"canonical":"https:\/\/lilibet.ee\/fi\/tuote\/rinnahoidja-adamo-plum\/","og_locale":"fi_FI","og_type":"article","og_title":"Vormitud rinnahoidja Adamo - Lilibet Pesusalong","og_description":"Kevyesti topattu rintaliivit, joissa on pehme\u00e4 kaarituet hankausten est\u00e4miseksi ja nikkelitt\u00f6mi\u00e4 kiinnikkeit\u00e4. Pehme\u00e4 kaarituet my\u00f6t\u00e4ilev\u00e4t vartalon muotoja maksimaalisen mukavuuden takaamiseksi. Muotoilee rintaliivej\u00e4 luonnollisesti pienemm\u00e4lle rinnolle ja muotoilee ja tukee isompaa rintaa napakasti. S\u00e4\u00e4dett\u00e4v\u00e4t ja mukavat topatut olkaimet. Kevyesti topatut kupit. \u00d6ko-tex-sertifioitu materiaali.","og_url":"https:\/\/lilibet.ee\/fi\/tuote\/rinnahoidja-adamo-plum\/","og_site_name":"Lilibet Pesusalong","article_publisher":"https:\/\/www.facebook.com\/linettepesu","article_modified_time":"2025-10-22T10:41:52+00:00","og_image":[{"width":721,"height":1080,"url":"https:\/\/lilibet.ee\/wp-content\/uploads\/SW17570-e.jpg","type":"image\/jpeg"}],"twitter_card":"summary_large_image","schema":{"@context":"https:\/\/schema.org","@graph":[{"@type":"WebPage","@id":"https:\/\/lilibet.ee\/fi\/tuote\/rinnahoidja-adamo-plum\/","url":"https:\/\/lilibet.ee\/fi\/tuote\/rinnahoidja-adamo-plum\/","name":"Vormitud rinnahoidja Adamo - Lilibet Pesusalong","isPartOf":{"@id":"https:\/\/linette.ee\/#website"},"primaryImageOfPage":{"@id":"https:\/\/lilibet.ee\/fi\/tuote\/rinnahoidja-adamo-plum\/#primaryimage"},"image":{"@id":"https:\/\/lilibet.ee\/fi\/tuote\/rinnahoidja-adamo-plum\/#primaryimage"},"thumbnailUrl":"https:\/\/lilibet.ee\/wp-content\/uploads\/SW17570-e.jpg","datePublished":"2025-10-22T10:41:18+00:00","dateModified":"2025-10-22T10:41:52+00:00","breadcrumb":{"@id":"https:\/\/lilibet.ee\/fi\/tuote\/rinnahoidja-adamo-plum\/#breadcrumb"},"inLanguage":"fi","potentialAction":[{"@type":"ReadAction","target":["https:\/\/lilibet.ee\/fi\/tuote\/rinnahoidja-adamo-plum\/"]}]},{"@type":"ImageObject","inLanguage":"fi","@id":"https:\/\/lilibet.ee\/fi\/tuote\/rinnahoidja-adamo-plum\/#primaryimage","url":"https:\/\/lilibet.ee\/wp-content\/uploads\/SW17570-e.jpg","contentUrl":"https:\/\/lilibet.ee\/wp-content\/uploads\/SW17570-e.jpg","width":721,"height":1080},{"@type":"BreadcrumbList","@id":"https:\/\/lilibet.ee\/fi\/tuote\/rinnahoidja-adamo-plum\/#breadcrumb","itemListElement":[{"@type":"ListItem","position":1,"name":"Esileht","item":"https:\/\/lilibet.ee\/fi\/"},{"@type":"ListItem","position":2,"name":"Myym\u00e4l\u00e4","item":"https:\/\/lilibet.ee\/fi\/shop\/"},{"@type":"ListItem","position":3,"name":"Vormitud rinnahoidja Adamo"}]},{"@type":"WebSite","@id":"https:\/\/linette.ee\/#website","url":"https:\/\/linette.ee\/","name":"Lilibet naiste pesusalong","description":"Naiste pesu  | Pesupood","publisher":{"@id":"https:\/\/linette.ee\/#organization"},"alternateName":"Lilibet","potentialAction":[{"@type":"SearchAction","target":{"@type":"EntryPoint","urlTemplate":"https:\/\/linette.ee\/?s={search_term_string}"},"query-input":{"@type":"PropertyValueSpecification","valueRequired":true,"valueName":"search_term_string"}}],"inLanguage":"fi"},{"@type":"Organization","@id":"https:\/\/linette.ee\/#organization","name":"Lilibet Pesusalong O\u00dc","alternateName":"Lilibet","url":"https:\/\/linette.ee\/","logo":{"@type":"ImageObject","inLanguage":"fi","@id":"https:\/\/linette.ee\/#\/schema\/logo\/image\/","url":"https:\/\/lilibet.ee\/wp-content\/uploads\/Lilibet_logo-1.png","contentUrl":"https:\/\/lilibet.ee\/wp-content\/uploads\/Lilibet_logo-1.png","width":591,"height":378,"caption":"Lilibet Pesusalong O\u00dc"},"image":{"@id":"https:\/\/linette.ee\/#\/schema\/logo\/image\/"},"sameAs":["https:\/\/www.facebook.com\/linettepesu","https:\/\/www.instagram.com\/linettelingerie\/","https:\/\/www.youtube.com\/channel\/UChW5cxDfitrlVldFJIlQOQQ"]}]}},"_links":{"self":[{"href":"https:\/\/lilibet.ee\/fi\/wp-json\/wp\/v2\/product\/65140","targetHints":{"allow":["GET"]}}],"collection":[{"href":"https:\/\/lilibet.ee\/fi\/wp-json\/wp\/v2\/product"}],"about":[{"href":"https:\/\/lilibet.ee\/fi\/wp-json\/wp\/v2\/types\/product"}],"replies":[{"embeddable":true,"href":"https:\/\/lilibet.ee\/fi\/wp-json\/wp\/v2\/comments?post=65140"}],"wp:featuredmedia":[{"embeddable":true,"href":"https:\/\/lilibet.ee\/fi\/wp-json\/wp\/v2\/media\/36082"}],"wp:attachment":[{"href":"https:\/\/lilibet.ee\/fi\/wp-json\/wp\/v2\/media?parent=65140"}],"wp:term":[{"taxonomy":"product_brand","embeddable":true,"href":"https:\/\/lilibet.ee\/fi\/wp-json\/wp\/v2\/product_brand?post=65140"},{"taxonomy":"product_cat","embeddable":true,"href":"https:\/\/lilibet.ee\/fi\/wp-json\/wp\/v2\/product_cat?post=65140"},{"taxonomy":"product_tag","embeddable":true,"href":"https:\/\/lilibet.ee\/fi\/wp-json\/wp\/v2\/product_tag?post=65140"}],"curies":[{"name":"wp","href":"https:\/\/api.w.org\/{rel}","templated":true}]}}