{"id":64702,"date":"2025-07-15T10:20:21","date_gmt":"2025-07-15T07:20:21","guid":{"rendered":"https:\/\/linette.ee\/toode\/pikad-aluspuksid-jahedad-ja-kuivad\/"},"modified":"2026-04-13T18:06:55","modified_gmt":"2026-04-13T15:06:55","slug":"pikad-aluspuksid-jahedad-ja-kuivad","status":"publish","type":"product","link":"https:\/\/lilibet.ee\/fi\/toode\/pikad-aluspuksid-jahedad-ja-kuivad\/","title":{"rendered":"Pikad alusp\u00fcksid &#8217;Jahedad ja kuivad&#8217;"},"content":{"rendered":"","protected":false},"excerpt":{"rendered":"<p>Ideaalsed reie h\u00f5\u00f5rdumise v\u00e4ltimiseks, mist\u00f5ttu sobivad need h\u00e4sti kleitide ja seelikute all kandmiseks. Neil on k\u00f5rge v\u00f6\u00f6koht ning on valmistatud jahedast ja kuivast materjalist, mis hoiab teid terve p\u00e4eva jahedana. Samuti on nendes v\u00e4ga mugav magada, kui teil \u00f6\u00f6sel palav hakkab. S\u00e4\u00e4rte viimistlus on sirge l\u00f5ikega, mis annab neile p\u00fckste all kandes &#8221;n\u00e4htamatu&#8221; v\u00e4limuse. Jalgevahe on puuvillast\/viskoosist\/bambusest voodriga. | Kui valite kahe suuruse vahel, soovitame valida suurema suuruse.<\/p>\n","protected":false},"featured_media":64696,"comment_status":"open","ping_status":"closed","template":"","meta":{"iawp_total_views":57},"product_brand":[],"product_cat":[633],"product_tag":[],"class_list":{"0":"post-64702","1":"product","2":"type-product","3":"status-publish","4":"has-post-thumbnail","6":"product_cat-bokserid","8":"first","9":"instock","10":"taxable","11":"shipping-taxable","12":"purchasable","13":"product-type-variable"},"yoast_head":"<!-- This site is optimized with the Yoast SEO plugin v25.1 - https:\/\/yoast.com\/wordpress\/plugins\/seo\/ -->\n<title>Pikad alusp\u00fcksid &#039;Jahedad ja kuivad&#039; - Lilibet Pesusalong<\/title>\n<meta name=\"description\" content=\"Ideaalsed reie h\u00f5\u00f5rdumise v\u00e4ltimiseks, on valmistatud jahedast ja kuivast materjalist, mis hoiab teid terve p\u00e4eva jahedana.\" \/>\n<meta name=\"robots\" content=\"index, follow, max-snippet:-1, max-image-preview:large, max-video-preview:-1\" \/>\n<link rel=\"canonical\" href=\"https:\/\/lilibet.ee\/fi\/toode\/pikad-aluspuksid-jahedad-ja-kuivad\/\" \/>\n<meta property=\"og:locale\" content=\"fi_FI\" \/>\n<meta property=\"og:type\" content=\"article\" \/>\n<meta property=\"og:title\" content=\"Pikad alusp\u00fcksid &#039;Jahedad ja kuivad&#039; - Lilibet Pesusalong\" \/>\n<meta property=\"og:description\" content=\"Ideaalsed reie h\u00f5\u00f5rdumise v\u00e4ltimiseks, on valmistatud jahedast ja kuivast materjalist, mis hoiab teid terve p\u00e4eva jahedana.\" \/>\n<meta property=\"og:url\" content=\"https:\/\/lilibet.ee\/fi\/toode\/pikad-aluspuksid-jahedad-ja-kuivad\/\" \/>\n<meta property=\"og:site_name\" content=\"Lilibet Pesusalong\" \/>\n<meta property=\"article:publisher\" content=\"https:\/\/www.facebook.com\/linettepesu\" \/>\n<meta property=\"article:modified_time\" content=\"2026-04-13T15:06:55+00:00\" \/>\n<meta property=\"og:image\" content=\"https:\/\/linette.ee\/wp-content\/uploads\/Essence_long_panties_beige_100123_2220_1358_preview_rev_1-1.jpeg\" \/>\n\t<meta property=\"og:image:width\" content=\"408\" \/>\n\t<meta property=\"og:image:height\" content=\"612\" \/>\n\t<meta property=\"og:image:type\" content=\"image\/jpeg\" \/>\n<meta name=\"twitter:card\" content=\"summary_large_image\" \/>\n<meta name=\"twitter:label1\" content=\"Arvioitu lukuaika\" \/>\n\t<meta name=\"twitter:data1\" content=\"1 minuutti\" \/>\n<script type=\"application\/ld+json\" class=\"yoast-schema-graph\">{\"@context\":\"https:\/\/schema.org\",\"@graph\":[{\"@type\":\"WebPage\",\"@id\":\"https:\/\/lilibet.ee\/fi\/toode\/pikad-aluspuksid-jahedad-ja-kuivad\/\",\"url\":\"https:\/\/lilibet.ee\/fi\/toode\/pikad-aluspuksid-jahedad-ja-kuivad\/\",\"name\":\"Pikad alusp\u00fcksid 'Jahedad ja kuivad' - Lilibet Pesusalong\",\"isPartOf\":{\"@id\":\"https:\/\/linette.ee\/#website\"},\"primaryImageOfPage\":{\"@id\":\"https:\/\/lilibet.ee\/fi\/toode\/pikad-aluspuksid-jahedad-ja-kuivad\/#primaryimage\"},\"image\":{\"@id\":\"https:\/\/lilibet.ee\/fi\/toode\/pikad-aluspuksid-jahedad-ja-kuivad\/#primaryimage\"},\"thumbnailUrl\":\"https:\/\/lilibet.ee\/wp-content\/uploads\/Essence_long_panties_beige_100123_2220_1358_preview_rev_1-1.jpeg\",\"datePublished\":\"2025-07-15T07:20:21+00:00\",\"dateModified\":\"2026-04-13T15:06:55+00:00\",\"description\":\"Ideaalsed reie h\u00f5\u00f5rdumise v\u00e4ltimiseks, on valmistatud jahedast ja kuivast materjalist, mis hoiab teid terve p\u00e4eva jahedana.\",\"breadcrumb\":{\"@id\":\"https:\/\/lilibet.ee\/fi\/toode\/pikad-aluspuksid-jahedad-ja-kuivad\/#breadcrumb\"},\"inLanguage\":\"fi\",\"potentialAction\":[{\"@type\":\"ReadAction\",\"target\":[\"https:\/\/lilibet.ee\/fi\/toode\/pikad-aluspuksid-jahedad-ja-kuivad\/\"]}]},{\"@type\":\"ImageObject\",\"inLanguage\":\"fi\",\"@id\":\"https:\/\/lilibet.ee\/fi\/toode\/pikad-aluspuksid-jahedad-ja-kuivad\/#primaryimage\",\"url\":\"https:\/\/lilibet.ee\/wp-content\/uploads\/Essence_long_panties_beige_100123_2220_1358_preview_rev_1-1.jpeg\",\"contentUrl\":\"https:\/\/lilibet.ee\/wp-content\/uploads\/Essence_long_panties_beige_100123_2220_1358_preview_rev_1-1.jpeg\",\"width\":408,\"height\":612},{\"@type\":\"BreadcrumbList\",\"@id\":\"https:\/\/lilibet.ee\/fi\/toode\/pikad-aluspuksid-jahedad-ja-kuivad\/#breadcrumb\",\"itemListElement\":[{\"@type\":\"ListItem\",\"position\":1,\"name\":\"Esileht\",\"item\":\"https:\/\/lilibet.ee\/fi\/\"},{\"@type\":\"ListItem\",\"position\":2,\"name\":\"Myym\u00e4l\u00e4\",\"item\":\"https:\/\/lilibet.ee\/fi\/shop\/\"},{\"@type\":\"ListItem\",\"position\":3,\"name\":\"Pikad alusp\u00fcksid &#8216;Jahedad ja kuivad&#8217;\"}]},{\"@type\":\"WebSite\",\"@id\":\"https:\/\/linette.ee\/#website\",\"url\":\"https:\/\/linette.ee\/\",\"name\":\"Lilibet naiste pesusalong\",\"description\":\"Naiste pesu  | Pesupood\",\"publisher\":{\"@id\":\"https:\/\/linette.ee\/#organization\"},\"alternateName\":\"Lilibet\",\"potentialAction\":[{\"@type\":\"SearchAction\",\"target\":{\"@type\":\"EntryPoint\",\"urlTemplate\":\"https:\/\/linette.ee\/?s={search_term_string}\"},\"query-input\":{\"@type\":\"PropertyValueSpecification\",\"valueRequired\":true,\"valueName\":\"search_term_string\"}}],\"inLanguage\":\"fi\"},{\"@type\":\"Organization\",\"@id\":\"https:\/\/linette.ee\/#organization\",\"name\":\"Lilibet Pesusalong O\u00dc\",\"alternateName\":\"Lilibet\",\"url\":\"https:\/\/linette.ee\/\",\"logo\":{\"@type\":\"ImageObject\",\"inLanguage\":\"fi\",\"@id\":\"https:\/\/linette.ee\/#\/schema\/logo\/image\/\",\"url\":\"https:\/\/lilibet.ee\/wp-content\/uploads\/Lilibet_logo-1.png\",\"contentUrl\":\"https:\/\/lilibet.ee\/wp-content\/uploads\/Lilibet_logo-1.png\",\"width\":591,\"height\":378,\"caption\":\"Lilibet Pesusalong O\u00dc\"},\"image\":{\"@id\":\"https:\/\/linette.ee\/#\/schema\/logo\/image\/\"},\"sameAs\":[\"https:\/\/www.facebook.com\/linettepesu\",\"https:\/\/www.instagram.com\/linettelingerie\/\",\"https:\/\/www.youtube.com\/channel\/UChW5cxDfitrlVldFJIlQOQQ\"]}]}<\/script>\n<!-- \/ Yoast SEO plugin. -->","yoast_head_json":{"title":"Pikad alusp\u00fcksid 'Jahedad ja kuivad' - Lilibet Pesusalong","description":"Ideaalsed reie h\u00f5\u00f5rdumise v\u00e4ltimiseks, on valmistatud jahedast ja kuivast materjalist, mis hoiab teid terve p\u00e4eva jahedana.","robots":{"index":"index","follow":"follow","max-snippet":"max-snippet:-1","max-image-preview":"max-image-preview:large","max-video-preview":"max-video-preview:-1"},"canonical":"https:\/\/lilibet.ee\/fi\/toode\/pikad-aluspuksid-jahedad-ja-kuivad\/","og_locale":"fi_FI","og_type":"article","og_title":"Pikad alusp\u00fcksid 'Jahedad ja kuivad' - Lilibet Pesusalong","og_description":"Ideaalsed reie h\u00f5\u00f5rdumise v\u00e4ltimiseks, on valmistatud jahedast ja kuivast materjalist, mis hoiab teid terve p\u00e4eva jahedana.","og_url":"https:\/\/lilibet.ee\/fi\/toode\/pikad-aluspuksid-jahedad-ja-kuivad\/","og_site_name":"Lilibet Pesusalong","article_publisher":"https:\/\/www.facebook.com\/linettepesu","article_modified_time":"2026-04-13T15:06:55+00:00","og_image":[{"width":408,"height":612,"url":"https:\/\/linette.ee\/wp-content\/uploads\/Essence_long_panties_beige_100123_2220_1358_preview_rev_1-1.jpeg","type":"image\/jpeg"}],"twitter_card":"summary_large_image","twitter_misc":{"Arvioitu lukuaika":"1 minuutti"},"schema":{"@context":"https:\/\/schema.org","@graph":[{"@type":"WebPage","@id":"https:\/\/lilibet.ee\/fi\/toode\/pikad-aluspuksid-jahedad-ja-kuivad\/","url":"https:\/\/lilibet.ee\/fi\/toode\/pikad-aluspuksid-jahedad-ja-kuivad\/","name":"Pikad alusp\u00fcksid 'Jahedad ja kuivad' - Lilibet Pesusalong","isPartOf":{"@id":"https:\/\/linette.ee\/#website"},"primaryImageOfPage":{"@id":"https:\/\/lilibet.ee\/fi\/toode\/pikad-aluspuksid-jahedad-ja-kuivad\/#primaryimage"},"image":{"@id":"https:\/\/lilibet.ee\/fi\/toode\/pikad-aluspuksid-jahedad-ja-kuivad\/#primaryimage"},"thumbnailUrl":"https:\/\/lilibet.ee\/wp-content\/uploads\/Essence_long_panties_beige_100123_2220_1358_preview_rev_1-1.jpeg","datePublished":"2025-07-15T07:20:21+00:00","dateModified":"2026-04-13T15:06:55+00:00","description":"Ideaalsed reie h\u00f5\u00f5rdumise v\u00e4ltimiseks, on valmistatud jahedast ja kuivast materjalist, mis hoiab teid terve p\u00e4eva jahedana.","breadcrumb":{"@id":"https:\/\/lilibet.ee\/fi\/toode\/pikad-aluspuksid-jahedad-ja-kuivad\/#breadcrumb"},"inLanguage":"fi","potentialAction":[{"@type":"ReadAction","target":["https:\/\/lilibet.ee\/fi\/toode\/pikad-aluspuksid-jahedad-ja-kuivad\/"]}]},{"@type":"ImageObject","inLanguage":"fi","@id":"https:\/\/lilibet.ee\/fi\/toode\/pikad-aluspuksid-jahedad-ja-kuivad\/#primaryimage","url":"https:\/\/lilibet.ee\/wp-content\/uploads\/Essence_long_panties_beige_100123_2220_1358_preview_rev_1-1.jpeg","contentUrl":"https:\/\/lilibet.ee\/wp-content\/uploads\/Essence_long_panties_beige_100123_2220_1358_preview_rev_1-1.jpeg","width":408,"height":612},{"@type":"BreadcrumbList","@id":"https:\/\/lilibet.ee\/fi\/toode\/pikad-aluspuksid-jahedad-ja-kuivad\/#breadcrumb","itemListElement":[{"@type":"ListItem","position":1,"name":"Esileht","item":"https:\/\/lilibet.ee\/fi\/"},{"@type":"ListItem","position":2,"name":"Myym\u00e4l\u00e4","item":"https:\/\/lilibet.ee\/fi\/shop\/"},{"@type":"ListItem","position":3,"name":"Pikad alusp\u00fcksid &#8216;Jahedad ja kuivad&#8217;"}]},{"@type":"WebSite","@id":"https:\/\/linette.ee\/#website","url":"https:\/\/linette.ee\/","name":"Lilibet naiste pesusalong","description":"Naiste pesu  | Pesupood","publisher":{"@id":"https:\/\/linette.ee\/#organization"},"alternateName":"Lilibet","potentialAction":[{"@type":"SearchAction","target":{"@type":"EntryPoint","urlTemplate":"https:\/\/linette.ee\/?s={search_term_string}"},"query-input":{"@type":"PropertyValueSpecification","valueRequired":true,"valueName":"search_term_string"}}],"inLanguage":"fi"},{"@type":"Organization","@id":"https:\/\/linette.ee\/#organization","name":"Lilibet Pesusalong O\u00dc","alternateName":"Lilibet","url":"https:\/\/linette.ee\/","logo":{"@type":"ImageObject","inLanguage":"fi","@id":"https:\/\/linette.ee\/#\/schema\/logo\/image\/","url":"https:\/\/lilibet.ee\/wp-content\/uploads\/Lilibet_logo-1.png","contentUrl":"https:\/\/lilibet.ee\/wp-content\/uploads\/Lilibet_logo-1.png","width":591,"height":378,"caption":"Lilibet Pesusalong O\u00dc"},"image":{"@id":"https:\/\/linette.ee\/#\/schema\/logo\/image\/"},"sameAs":["https:\/\/www.facebook.com\/linettepesu","https:\/\/www.instagram.com\/linettelingerie\/","https:\/\/www.youtube.com\/channel\/UChW5cxDfitrlVldFJIlQOQQ"]}]}},"_links":{"self":[{"href":"https:\/\/lilibet.ee\/fi\/wp-json\/wp\/v2\/product\/64702","targetHints":{"allow":["GET"]}}],"collection":[{"href":"https:\/\/lilibet.ee\/fi\/wp-json\/wp\/v2\/product"}],"about":[{"href":"https:\/\/lilibet.ee\/fi\/wp-json\/wp\/v2\/types\/product"}],"replies":[{"embeddable":true,"href":"https:\/\/lilibet.ee\/fi\/wp-json\/wp\/v2\/comments?post=64702"}],"wp:featuredmedia":[{"embeddable":true,"href":"https:\/\/lilibet.ee\/fi\/wp-json\/wp\/v2\/media\/64696"}],"wp:attachment":[{"href":"https:\/\/lilibet.ee\/fi\/wp-json\/wp\/v2\/media?parent=64702"}],"wp:term":[{"taxonomy":"product_brand","embeddable":true,"href":"https:\/\/lilibet.ee\/fi\/wp-json\/wp\/v2\/product_brand?post=64702"},{"taxonomy":"product_cat","embeddable":true,"href":"https:\/\/lilibet.ee\/fi\/wp-json\/wp\/v2\/product_cat?post=64702"},{"taxonomy":"product_tag","embeddable":true,"href":"https:\/\/lilibet.ee\/fi\/wp-json\/wp\/v2\/product_tag?post=64702"}],"curies":[{"name":"wp","href":"https:\/\/api.w.org\/{rel}","templated":true}]}}