{"id":62423,"date":"2024-08-12T11:51:53","date_gmt":"2024-08-12T08:51:53","guid":{"rendered":"https:\/\/linette.ee\/toode\/hipsterid-lyra\/"},"modified":"2026-04-13T21:22:03","modified_gmt":"2026-04-13T18:22:03","slug":"hipsterid-lyra","status":"publish","type":"product","link":"https:\/\/lilibet.ee\/fi\/toode\/hipsterid-lyra\/","title":{"rendered":"Hipsterid Lyra"},"content":{"rendered":"","protected":false},"excerpt":{"rendered":"<p>See LYRA hipsteriklassika on valmistatud pitsist, v\u00f5rgust ja satiinist, mis asetseb \u00f5rnalt vastu nahka, ja on mugav igap\u00e4evane stiil. Ilusad pitsilised detailid lisavad toretsevat puudutust, samas kui l\u00f5ige pakub suurep\u00e4rast katvust.<\/p>\n<p>Vaata ka Lyra s\u00e4rki ja kimonot.<\/p>\n","protected":false},"featured_media":62770,"comment_status":"open","ping_status":"closed","template":"","meta":{"iawp_total_views":26},"product_brand":[],"product_cat":[634],"product_tag":[],"class_list":{"0":"post-62423","1":"product","2":"type-product","3":"status-publish","4":"has-post-thumbnail","6":"product_cat-pidzaama","8":"first","9":"instock","10":"taxable","11":"shipping-taxable","12":"purchasable","13":"product-type-variable"},"yoast_head":"<!-- This site is optimized with the Yoast SEO plugin v25.1 - https:\/\/yoast.com\/wordpress\/plugins\/seo\/ -->\n<title>Hipsterid Lyra - Lilibet Pesusalong<\/title>\n<meta name=\"description\" content=\"See LYRA hipsteriklassika on valmistatud pitsist, v\u00f5rgust ja satiinist. Ilusad pitsilised detailid, samas l\u00f5ige pakub suurep\u00e4rast katvust.\" \/>\n<meta name=\"robots\" content=\"index, follow, max-snippet:-1, max-image-preview:large, max-video-preview:-1\" \/>\n<link rel=\"canonical\" href=\"https:\/\/lilibet.ee\/fi\/toode\/hipsterid-lyra\/\" \/>\n<meta property=\"og:locale\" content=\"fi_FI\" \/>\n<meta property=\"og:type\" content=\"article\" \/>\n<meta property=\"og:title\" content=\"Hipsterid Lyra - Lilibet Pesusalong\" \/>\n<meta property=\"og:description\" content=\"See LYRA hipsteriklassika on valmistatud pitsist, v\u00f5rgust ja satiinist. Ilusad pitsilised detailid, samas l\u00f5ige pakub suurep\u00e4rast katvust.\" \/>\n<meta property=\"og:url\" content=\"https:\/\/lilibet.ee\/fi\/toode\/hipsterid-lyra\/\" \/>\n<meta property=\"og:site_name\" content=\"Lilibet Pesusalong\" \/>\n<meta property=\"article:publisher\" content=\"https:\/\/www.facebook.com\/linettepesu\" \/>\n<meta property=\"article:modified_time\" content=\"2026-04-13T18:22:03+00:00\" \/>\n<meta property=\"og:image\" content=\"https:\/\/lilibet.ee\/wp-content\/uploads\/LYRA_FXHI0044LA159-BL0050_MAIN-03_preview_rev_1.jpeg\" \/>\n\t<meta property=\"og:image:width\" content=\"408\" \/>\n\t<meta property=\"og:image:height\" content=\"612\" \/>\n\t<meta property=\"og:image:type\" content=\"image\/jpeg\" \/>\n<meta name=\"twitter:card\" content=\"summary_large_image\" \/>\n<meta name=\"twitter:label1\" content=\"Arvioitu lukuaika\" \/>\n\t<meta name=\"twitter:data1\" content=\"1 minuutti\" \/>\n<script type=\"application\/ld+json\" class=\"yoast-schema-graph\">{\"@context\":\"https:\/\/schema.org\",\"@graph\":[{\"@type\":\"WebPage\",\"@id\":\"https:\/\/lilibet.ee\/fi\/toode\/hipsterid-lyra\/\",\"url\":\"https:\/\/lilibet.ee\/fi\/toode\/hipsterid-lyra\/\",\"name\":\"Hipsterid Lyra - Lilibet Pesusalong\",\"isPartOf\":{\"@id\":\"https:\/\/linette.ee\/#website\"},\"primaryImageOfPage\":{\"@id\":\"https:\/\/lilibet.ee\/fi\/toode\/hipsterid-lyra\/#primaryimage\"},\"image\":{\"@id\":\"https:\/\/lilibet.ee\/fi\/toode\/hipsterid-lyra\/#primaryimage\"},\"thumbnailUrl\":\"https:\/\/lilibet.ee\/wp-content\/uploads\/LYRA_FXHI0044LA159-BL0050_MAIN-03_preview_rev_1.jpeg\",\"datePublished\":\"2024-08-12T08:51:53+00:00\",\"dateModified\":\"2026-04-13T18:22:03+00:00\",\"description\":\"See LYRA hipsteriklassika on valmistatud pitsist, v\u00f5rgust ja satiinist. Ilusad pitsilised detailid, samas l\u00f5ige pakub suurep\u00e4rast katvust.\",\"breadcrumb\":{\"@id\":\"https:\/\/lilibet.ee\/fi\/toode\/hipsterid-lyra\/#breadcrumb\"},\"inLanguage\":\"fi\",\"potentialAction\":[{\"@type\":\"ReadAction\",\"target\":[\"https:\/\/lilibet.ee\/fi\/toode\/hipsterid-lyra\/\"]}]},{\"@type\":\"ImageObject\",\"inLanguage\":\"fi\",\"@id\":\"https:\/\/lilibet.ee\/fi\/toode\/hipsterid-lyra\/#primaryimage\",\"url\":\"https:\/\/lilibet.ee\/wp-content\/uploads\/LYRA_FXHI0044LA159-BL0050_MAIN-03_preview_rev_1.jpeg\",\"contentUrl\":\"https:\/\/lilibet.ee\/wp-content\/uploads\/LYRA_FXHI0044LA159-BL0050_MAIN-03_preview_rev_1.jpeg\",\"width\":408,\"height\":612},{\"@type\":\"BreadcrumbList\",\"@id\":\"https:\/\/lilibet.ee\/fi\/toode\/hipsterid-lyra\/#breadcrumb\",\"itemListElement\":[{\"@type\":\"ListItem\",\"position\":1,\"name\":\"Esileht\",\"item\":\"https:\/\/lilibet.ee\/fi\/\"},{\"@type\":\"ListItem\",\"position\":2,\"name\":\"Myym\u00e4l\u00e4\",\"item\":\"https:\/\/lilibet.ee\/fi\/shop\/\"},{\"@type\":\"ListItem\",\"position\":3,\"name\":\"Hipsterid Lyra\"}]},{\"@type\":\"WebSite\",\"@id\":\"https:\/\/linette.ee\/#website\",\"url\":\"https:\/\/linette.ee\/\",\"name\":\"Lilibet naiste pesusalong\",\"description\":\"Naiste pesu  | Pesupood\",\"publisher\":{\"@id\":\"https:\/\/linette.ee\/#organization\"},\"alternateName\":\"Lilibet\",\"potentialAction\":[{\"@type\":\"SearchAction\",\"target\":{\"@type\":\"EntryPoint\",\"urlTemplate\":\"https:\/\/linette.ee\/?s={search_term_string}\"},\"query-input\":{\"@type\":\"PropertyValueSpecification\",\"valueRequired\":true,\"valueName\":\"search_term_string\"}}],\"inLanguage\":\"fi\"},{\"@type\":\"Organization\",\"@id\":\"https:\/\/linette.ee\/#organization\",\"name\":\"Lilibet Pesusalong O\u00dc\",\"alternateName\":\"Lilibet\",\"url\":\"https:\/\/linette.ee\/\",\"logo\":{\"@type\":\"ImageObject\",\"inLanguage\":\"fi\",\"@id\":\"https:\/\/linette.ee\/#\/schema\/logo\/image\/\",\"url\":\"https:\/\/lilibet.ee\/wp-content\/uploads\/Lilibet_logo-1.png\",\"contentUrl\":\"https:\/\/lilibet.ee\/wp-content\/uploads\/Lilibet_logo-1.png\",\"width\":591,\"height\":378,\"caption\":\"Lilibet Pesusalong O\u00dc\"},\"image\":{\"@id\":\"https:\/\/linette.ee\/#\/schema\/logo\/image\/\"},\"sameAs\":[\"https:\/\/www.facebook.com\/linettepesu\",\"https:\/\/www.instagram.com\/linettelingerie\/\",\"https:\/\/www.youtube.com\/channel\/UChW5cxDfitrlVldFJIlQOQQ\"]}]}<\/script>\n<!-- \/ Yoast SEO plugin. -->","yoast_head_json":{"title":"Hipsterid Lyra - Lilibet Pesusalong","description":"See LYRA hipsteriklassika on valmistatud pitsist, v\u00f5rgust ja satiinist. Ilusad pitsilised detailid, samas l\u00f5ige pakub suurep\u00e4rast katvust.","robots":{"index":"index","follow":"follow","max-snippet":"max-snippet:-1","max-image-preview":"max-image-preview:large","max-video-preview":"max-video-preview:-1"},"canonical":"https:\/\/lilibet.ee\/fi\/toode\/hipsterid-lyra\/","og_locale":"fi_FI","og_type":"article","og_title":"Hipsterid Lyra - Lilibet Pesusalong","og_description":"See LYRA hipsteriklassika on valmistatud pitsist, v\u00f5rgust ja satiinist. Ilusad pitsilised detailid, samas l\u00f5ige pakub suurep\u00e4rast katvust.","og_url":"https:\/\/lilibet.ee\/fi\/toode\/hipsterid-lyra\/","og_site_name":"Lilibet Pesusalong","article_publisher":"https:\/\/www.facebook.com\/linettepesu","article_modified_time":"2026-04-13T18:22:03+00:00","og_image":[{"width":408,"height":612,"url":"https:\/\/lilibet.ee\/wp-content\/uploads\/LYRA_FXHI0044LA159-BL0050_MAIN-03_preview_rev_1.jpeg","type":"image\/jpeg"}],"twitter_card":"summary_large_image","twitter_misc":{"Arvioitu lukuaika":"1 minuutti"},"schema":{"@context":"https:\/\/schema.org","@graph":[{"@type":"WebPage","@id":"https:\/\/lilibet.ee\/fi\/toode\/hipsterid-lyra\/","url":"https:\/\/lilibet.ee\/fi\/toode\/hipsterid-lyra\/","name":"Hipsterid Lyra - Lilibet Pesusalong","isPartOf":{"@id":"https:\/\/linette.ee\/#website"},"primaryImageOfPage":{"@id":"https:\/\/lilibet.ee\/fi\/toode\/hipsterid-lyra\/#primaryimage"},"image":{"@id":"https:\/\/lilibet.ee\/fi\/toode\/hipsterid-lyra\/#primaryimage"},"thumbnailUrl":"https:\/\/lilibet.ee\/wp-content\/uploads\/LYRA_FXHI0044LA159-BL0050_MAIN-03_preview_rev_1.jpeg","datePublished":"2024-08-12T08:51:53+00:00","dateModified":"2026-04-13T18:22:03+00:00","description":"See LYRA hipsteriklassika on valmistatud pitsist, v\u00f5rgust ja satiinist. Ilusad pitsilised detailid, samas l\u00f5ige pakub suurep\u00e4rast katvust.","breadcrumb":{"@id":"https:\/\/lilibet.ee\/fi\/toode\/hipsterid-lyra\/#breadcrumb"},"inLanguage":"fi","potentialAction":[{"@type":"ReadAction","target":["https:\/\/lilibet.ee\/fi\/toode\/hipsterid-lyra\/"]}]},{"@type":"ImageObject","inLanguage":"fi","@id":"https:\/\/lilibet.ee\/fi\/toode\/hipsterid-lyra\/#primaryimage","url":"https:\/\/lilibet.ee\/wp-content\/uploads\/LYRA_FXHI0044LA159-BL0050_MAIN-03_preview_rev_1.jpeg","contentUrl":"https:\/\/lilibet.ee\/wp-content\/uploads\/LYRA_FXHI0044LA159-BL0050_MAIN-03_preview_rev_1.jpeg","width":408,"height":612},{"@type":"BreadcrumbList","@id":"https:\/\/lilibet.ee\/fi\/toode\/hipsterid-lyra\/#breadcrumb","itemListElement":[{"@type":"ListItem","position":1,"name":"Esileht","item":"https:\/\/lilibet.ee\/fi\/"},{"@type":"ListItem","position":2,"name":"Myym\u00e4l\u00e4","item":"https:\/\/lilibet.ee\/fi\/shop\/"},{"@type":"ListItem","position":3,"name":"Hipsterid Lyra"}]},{"@type":"WebSite","@id":"https:\/\/linette.ee\/#website","url":"https:\/\/linette.ee\/","name":"Lilibet naiste pesusalong","description":"Naiste pesu  | Pesupood","publisher":{"@id":"https:\/\/linette.ee\/#organization"},"alternateName":"Lilibet","potentialAction":[{"@type":"SearchAction","target":{"@type":"EntryPoint","urlTemplate":"https:\/\/linette.ee\/?s={search_term_string}"},"query-input":{"@type":"PropertyValueSpecification","valueRequired":true,"valueName":"search_term_string"}}],"inLanguage":"fi"},{"@type":"Organization","@id":"https:\/\/linette.ee\/#organization","name":"Lilibet Pesusalong O\u00dc","alternateName":"Lilibet","url":"https:\/\/linette.ee\/","logo":{"@type":"ImageObject","inLanguage":"fi","@id":"https:\/\/linette.ee\/#\/schema\/logo\/image\/","url":"https:\/\/lilibet.ee\/wp-content\/uploads\/Lilibet_logo-1.png","contentUrl":"https:\/\/lilibet.ee\/wp-content\/uploads\/Lilibet_logo-1.png","width":591,"height":378,"caption":"Lilibet Pesusalong O\u00dc"},"image":{"@id":"https:\/\/linette.ee\/#\/schema\/logo\/image\/"},"sameAs":["https:\/\/www.facebook.com\/linettepesu","https:\/\/www.instagram.com\/linettelingerie\/","https:\/\/www.youtube.com\/channel\/UChW5cxDfitrlVldFJIlQOQQ"]}]}},"_links":{"self":[{"href":"https:\/\/lilibet.ee\/fi\/wp-json\/wp\/v2\/product\/62423","targetHints":{"allow":["GET"]}}],"collection":[{"href":"https:\/\/lilibet.ee\/fi\/wp-json\/wp\/v2\/product"}],"about":[{"href":"https:\/\/lilibet.ee\/fi\/wp-json\/wp\/v2\/types\/product"}],"replies":[{"embeddable":true,"href":"https:\/\/lilibet.ee\/fi\/wp-json\/wp\/v2\/comments?post=62423"}],"wp:featuredmedia":[{"embeddable":true,"href":"https:\/\/lilibet.ee\/fi\/wp-json\/wp\/v2\/media\/62770"}],"wp:attachment":[{"href":"https:\/\/lilibet.ee\/fi\/wp-json\/wp\/v2\/media?parent=62423"}],"wp:term":[{"taxonomy":"product_brand","embeddable":true,"href":"https:\/\/lilibet.ee\/fi\/wp-json\/wp\/v2\/product_brand?post=62423"},{"taxonomy":"product_cat","embeddable":true,"href":"https:\/\/lilibet.ee\/fi\/wp-json\/wp\/v2\/product_cat?post=62423"},{"taxonomy":"product_tag","embeddable":true,"href":"https:\/\/lilibet.ee\/fi\/wp-json\/wp\/v2\/product_tag?post=62423"}],"curies":[{"name":"wp","href":"https:\/\/api.w.org\/{rel}","templated":true}]}}