{"id":26404,"date":"2018-07-23T01:19:30","date_gmt":"2018-11-29T21:36:52","guid":{"rendered":"https:\/\/linette.ee\/toode\/push-up-rinnahoidja-passion\/"},"modified":"2023-12-11T12:21:01","modified_gmt":"2023-12-11T10:21:01","slug":"push-up-rinnahoidja-passion","status":"publish","type":"product","link":"https:\/\/lilibet.ee\/fi\/tuote\/push-up-rinnahoidja-passion\/","title":{"rendered":"Push-up-rintaliivit \u201dPassion\u201d"},"content":{"rendered":"","protected":false},"excerpt":{"rendered":"<p>N\u00e4m\u00e4 rintaliivit sopivat erinomaisesti hiukan pienemm\u00e4lle ja keskikokoiselle povelle, sill\u00e4 ne saavat rinnat n\u00e4ytt\u00e4m\u00e4\u00e4n hiukan suuremmilta ja muotoilevat kauniisti. T\u00e4m\u00e4n mallin keskiosa on kapea ja kuppi verrattain syv\u00e4. Push-up-rintaliiveiss\u00e4 on my\u00f6s erityiset taskut lis\u00e4toppauksille. Lis\u00e4toppaukset saavat poven n\u00e4ytt\u00e4m\u00e4\u00e4n py\u00f6re\u00e4mm\u00e4lt\u00e4, korkeammalta ja suuremmalta.<\/p>\n","protected":false},"featured_media":26407,"comment_status":"open","ping_status":"closed","template":"","meta":{"iawp_total_views":9},"product_brand":[],"product_cat":[973],"product_tag":[],"class_list":{"0":"post-26404","1":"product","2":"type-product","3":"status-publish","4":"has-post-thumbnail","6":"product_cat-push-up-fi","8":"first","9":"instock","10":"sale","11":"taxable","12":"shipping-taxable","13":"purchasable","14":"product-type-variable","15":"has-default-attributes"},"yoast_head":"<!-- This site is optimized with the Yoast SEO plugin v25.1 - https:\/\/yoast.com\/wordpress\/plugins\/seo\/ -->\n<title>Push-up-rintaliivit \u201dPassion\u201d - Lilibet Pesusalong<\/title>\n<meta name=\"robots\" content=\"index, follow, max-snippet:-1, max-image-preview:large, max-video-preview:-1\" \/>\n<link rel=\"canonical\" href=\"https:\/\/lilibet.ee\/fi\/tuote\/push-up-rinnahoidja-passion\/\" \/>\n<meta property=\"og:locale\" content=\"fi_FI\" \/>\n<meta property=\"og:type\" content=\"article\" \/>\n<meta property=\"og:title\" content=\"Push-up-rintaliivit \u201dPassion\u201d - Lilibet Pesusalong\" \/>\n<meta property=\"og:description\" content=\"N\u00e4m\u00e4 rintaliivit sopivat erinomaisesti hiukan pienemm\u00e4lle ja keskikokoiselle povelle, sill\u00e4 ne saavat rinnat n\u00e4ytt\u00e4m\u00e4\u00e4n hiukan suuremmilta ja muotoilevat kauniisti. T\u00e4m\u00e4n mallin keskiosa on kapea ja kuppi verrattain syv\u00e4. Push-up-rintaliiveiss\u00e4 on my\u00f6s erityiset taskut lis\u00e4toppauksille. Lis\u00e4toppaukset saavat poven n\u00e4ytt\u00e4m\u00e4\u00e4n py\u00f6re\u00e4mm\u00e4lt\u00e4, korkeammalta ja suuremmalta.\" \/>\n<meta property=\"og:url\" content=\"https:\/\/lilibet.ee\/fi\/tuote\/push-up-rinnahoidja-passion\/\" \/>\n<meta property=\"og:site_name\" content=\"Lilibet Pesusalong\" \/>\n<meta property=\"article:publisher\" content=\"https:\/\/www.facebook.com\/linettepesu\" \/>\n<meta property=\"article:modified_time\" content=\"2023-12-11T10:21:01+00:00\" \/>\n<meta property=\"og:image\" content=\"https:\/\/linette.ee\/wp-content\/uploads\/E171610-170i-scaled.jpg\" \/>\n\t<meta property=\"og:image:width\" content=\"1707\" \/>\n\t<meta property=\"og:image:height\" content=\"2560\" \/>\n\t<meta property=\"og:image:type\" content=\"image\/jpeg\" \/>\n<meta name=\"twitter:card\" content=\"summary_large_image\" \/>\n<script type=\"application\/ld+json\" class=\"yoast-schema-graph\">{\"@context\":\"https:\/\/schema.org\",\"@graph\":[{\"@type\":\"WebPage\",\"@id\":\"https:\/\/lilibet.ee\/fi\/tuote\/push-up-rinnahoidja-passion\/\",\"url\":\"https:\/\/lilibet.ee\/fi\/tuote\/push-up-rinnahoidja-passion\/\",\"name\":\"Push-up-rintaliivit \u201dPassion\u201d - Lilibet Pesusalong\",\"isPartOf\":{\"@id\":\"https:\/\/linette.ee\/#website\"},\"primaryImageOfPage\":{\"@id\":\"https:\/\/lilibet.ee\/fi\/tuote\/push-up-rinnahoidja-passion\/#primaryimage\"},\"image\":{\"@id\":\"https:\/\/lilibet.ee\/fi\/tuote\/push-up-rinnahoidja-passion\/#primaryimage\"},\"thumbnailUrl\":\"https:\/\/lilibet.ee\/wp-content\/uploads\/E171610-170i-scaled.jpg\",\"datePublished\":\"2018-11-29T21:36:52+00:00\",\"dateModified\":\"2023-12-11T10:21:01+00:00\",\"breadcrumb\":{\"@id\":\"https:\/\/lilibet.ee\/fi\/tuote\/push-up-rinnahoidja-passion\/#breadcrumb\"},\"inLanguage\":\"fi\",\"potentialAction\":[{\"@type\":\"ReadAction\",\"target\":[\"https:\/\/lilibet.ee\/fi\/tuote\/push-up-rinnahoidja-passion\/\"]}]},{\"@type\":\"ImageObject\",\"inLanguage\":\"fi\",\"@id\":\"https:\/\/lilibet.ee\/fi\/tuote\/push-up-rinnahoidja-passion\/#primaryimage\",\"url\":\"https:\/\/lilibet.ee\/wp-content\/uploads\/E171610-170i-scaled.jpg\",\"contentUrl\":\"https:\/\/lilibet.ee\/wp-content\/uploads\/E171610-170i-scaled.jpg\",\"width\":1707,\"height\":2560},{\"@type\":\"BreadcrumbList\",\"@id\":\"https:\/\/lilibet.ee\/fi\/tuote\/push-up-rinnahoidja-passion\/#breadcrumb\",\"itemListElement\":[{\"@type\":\"ListItem\",\"position\":1,\"name\":\"Esileht\",\"item\":\"https:\/\/lilibet.ee\/fi\/\"},{\"@type\":\"ListItem\",\"position\":2,\"name\":\"Myym\u00e4l\u00e4\",\"item\":\"https:\/\/lilibet.ee\/fi\/shop\/\"},{\"@type\":\"ListItem\",\"position\":3,\"name\":\"Push-up-rintaliivit \u201dPassion\u201d\"}]},{\"@type\":\"WebSite\",\"@id\":\"https:\/\/linette.ee\/#website\",\"url\":\"https:\/\/linette.ee\/\",\"name\":\"Lilibet naiste pesusalong\",\"description\":\"Naiste pesu  | Pesupood\",\"publisher\":{\"@id\":\"https:\/\/linette.ee\/#organization\"},\"alternateName\":\"Lilibet\",\"potentialAction\":[{\"@type\":\"SearchAction\",\"target\":{\"@type\":\"EntryPoint\",\"urlTemplate\":\"https:\/\/linette.ee\/?s={search_term_string}\"},\"query-input\":{\"@type\":\"PropertyValueSpecification\",\"valueRequired\":true,\"valueName\":\"search_term_string\"}}],\"inLanguage\":\"fi\"},{\"@type\":\"Organization\",\"@id\":\"https:\/\/linette.ee\/#organization\",\"name\":\"Lilibet Pesusalong O\u00dc\",\"alternateName\":\"Lilibet\",\"url\":\"https:\/\/linette.ee\/\",\"logo\":{\"@type\":\"ImageObject\",\"inLanguage\":\"fi\",\"@id\":\"https:\/\/linette.ee\/#\/schema\/logo\/image\/\",\"url\":\"https:\/\/lilibet.ee\/wp-content\/uploads\/Lilibet_logo-1.png\",\"contentUrl\":\"https:\/\/lilibet.ee\/wp-content\/uploads\/Lilibet_logo-1.png\",\"width\":591,\"height\":378,\"caption\":\"Lilibet Pesusalong O\u00dc\"},\"image\":{\"@id\":\"https:\/\/linette.ee\/#\/schema\/logo\/image\/\"},\"sameAs\":[\"https:\/\/www.facebook.com\/linettepesu\",\"https:\/\/www.instagram.com\/linettelingerie\/\",\"https:\/\/www.youtube.com\/channel\/UChW5cxDfitrlVldFJIlQOQQ\"]}]}<\/script>\n<!-- \/ Yoast SEO plugin. -->","yoast_head_json":{"title":"Push-up-rintaliivit \u201dPassion\u201d - Lilibet Pesusalong","robots":{"index":"index","follow":"follow","max-snippet":"max-snippet:-1","max-image-preview":"max-image-preview:large","max-video-preview":"max-video-preview:-1"},"canonical":"https:\/\/lilibet.ee\/fi\/tuote\/push-up-rinnahoidja-passion\/","og_locale":"fi_FI","og_type":"article","og_title":"Push-up-rintaliivit \u201dPassion\u201d - Lilibet Pesusalong","og_description":"N\u00e4m\u00e4 rintaliivit sopivat erinomaisesti hiukan pienemm\u00e4lle ja keskikokoiselle povelle, sill\u00e4 ne saavat rinnat n\u00e4ytt\u00e4m\u00e4\u00e4n hiukan suuremmilta ja muotoilevat kauniisti. T\u00e4m\u00e4n mallin keskiosa on kapea ja kuppi verrattain syv\u00e4. Push-up-rintaliiveiss\u00e4 on my\u00f6s erityiset taskut lis\u00e4toppauksille. Lis\u00e4toppaukset saavat poven n\u00e4ytt\u00e4m\u00e4\u00e4n py\u00f6re\u00e4mm\u00e4lt\u00e4, korkeammalta ja suuremmalta.","og_url":"https:\/\/lilibet.ee\/fi\/tuote\/push-up-rinnahoidja-passion\/","og_site_name":"Lilibet Pesusalong","article_publisher":"https:\/\/www.facebook.com\/linettepesu","article_modified_time":"2023-12-11T10:21:01+00:00","og_image":[{"width":1707,"height":2560,"url":"https:\/\/linette.ee\/wp-content\/uploads\/E171610-170i-scaled.jpg","type":"image\/jpeg"}],"twitter_card":"summary_large_image","schema":{"@context":"https:\/\/schema.org","@graph":[{"@type":"WebPage","@id":"https:\/\/lilibet.ee\/fi\/tuote\/push-up-rinnahoidja-passion\/","url":"https:\/\/lilibet.ee\/fi\/tuote\/push-up-rinnahoidja-passion\/","name":"Push-up-rintaliivit \u201dPassion\u201d - Lilibet Pesusalong","isPartOf":{"@id":"https:\/\/linette.ee\/#website"},"primaryImageOfPage":{"@id":"https:\/\/lilibet.ee\/fi\/tuote\/push-up-rinnahoidja-passion\/#primaryimage"},"image":{"@id":"https:\/\/lilibet.ee\/fi\/tuote\/push-up-rinnahoidja-passion\/#primaryimage"},"thumbnailUrl":"https:\/\/lilibet.ee\/wp-content\/uploads\/E171610-170i-scaled.jpg","datePublished":"2018-11-29T21:36:52+00:00","dateModified":"2023-12-11T10:21:01+00:00","breadcrumb":{"@id":"https:\/\/lilibet.ee\/fi\/tuote\/push-up-rinnahoidja-passion\/#breadcrumb"},"inLanguage":"fi","potentialAction":[{"@type":"ReadAction","target":["https:\/\/lilibet.ee\/fi\/tuote\/push-up-rinnahoidja-passion\/"]}]},{"@type":"ImageObject","inLanguage":"fi","@id":"https:\/\/lilibet.ee\/fi\/tuote\/push-up-rinnahoidja-passion\/#primaryimage","url":"https:\/\/lilibet.ee\/wp-content\/uploads\/E171610-170i-scaled.jpg","contentUrl":"https:\/\/lilibet.ee\/wp-content\/uploads\/E171610-170i-scaled.jpg","width":1707,"height":2560},{"@type":"BreadcrumbList","@id":"https:\/\/lilibet.ee\/fi\/tuote\/push-up-rinnahoidja-passion\/#breadcrumb","itemListElement":[{"@type":"ListItem","position":1,"name":"Esileht","item":"https:\/\/lilibet.ee\/fi\/"},{"@type":"ListItem","position":2,"name":"Myym\u00e4l\u00e4","item":"https:\/\/lilibet.ee\/fi\/shop\/"},{"@type":"ListItem","position":3,"name":"Push-up-rintaliivit \u201dPassion\u201d"}]},{"@type":"WebSite","@id":"https:\/\/linette.ee\/#website","url":"https:\/\/linette.ee\/","name":"Lilibet naiste pesusalong","description":"Naiste pesu  | Pesupood","publisher":{"@id":"https:\/\/linette.ee\/#organization"},"alternateName":"Lilibet","potentialAction":[{"@type":"SearchAction","target":{"@type":"EntryPoint","urlTemplate":"https:\/\/linette.ee\/?s={search_term_string}"},"query-input":{"@type":"PropertyValueSpecification","valueRequired":true,"valueName":"search_term_string"}}],"inLanguage":"fi"},{"@type":"Organization","@id":"https:\/\/linette.ee\/#organization","name":"Lilibet Pesusalong O\u00dc","alternateName":"Lilibet","url":"https:\/\/linette.ee\/","logo":{"@type":"ImageObject","inLanguage":"fi","@id":"https:\/\/linette.ee\/#\/schema\/logo\/image\/","url":"https:\/\/lilibet.ee\/wp-content\/uploads\/Lilibet_logo-1.png","contentUrl":"https:\/\/lilibet.ee\/wp-content\/uploads\/Lilibet_logo-1.png","width":591,"height":378,"caption":"Lilibet Pesusalong O\u00dc"},"image":{"@id":"https:\/\/linette.ee\/#\/schema\/logo\/image\/"},"sameAs":["https:\/\/www.facebook.com\/linettepesu","https:\/\/www.instagram.com\/linettelingerie\/","https:\/\/www.youtube.com\/channel\/UChW5cxDfitrlVldFJIlQOQQ"]}]}},"_links":{"self":[{"href":"https:\/\/lilibet.ee\/fi\/wp-json\/wp\/v2\/product\/26404","targetHints":{"allow":["GET"]}}],"collection":[{"href":"https:\/\/lilibet.ee\/fi\/wp-json\/wp\/v2\/product"}],"about":[{"href":"https:\/\/lilibet.ee\/fi\/wp-json\/wp\/v2\/types\/product"}],"replies":[{"embeddable":true,"href":"https:\/\/lilibet.ee\/fi\/wp-json\/wp\/v2\/comments?post=26404"}],"wp:featuredmedia":[{"embeddable":true,"href":"https:\/\/lilibet.ee\/fi\/wp-json\/wp\/v2\/media\/26407"}],"wp:attachment":[{"href":"https:\/\/lilibet.ee\/fi\/wp-json\/wp\/v2\/media?parent=26404"}],"wp:term":[{"taxonomy":"product_brand","embeddable":true,"href":"https:\/\/lilibet.ee\/fi\/wp-json\/wp\/v2\/product_brand?post=26404"},{"taxonomy":"product_cat","embeddable":true,"href":"https:\/\/lilibet.ee\/fi\/wp-json\/wp\/v2\/product_cat?post=26404"},{"taxonomy":"product_tag","embeddable":true,"href":"https:\/\/lilibet.ee\/fi\/wp-json\/wp\/v2\/product_tag?post=26404"}],"curies":[{"name":"wp","href":"https:\/\/api.w.org\/{rel}","templated":true}]}}