{"id":23977,"date":"2018-10-11T15:45:32","date_gmt":"2018-10-11T12:45:32","guid":{"rendered":"https:\/\/linette.ee\/toode\/balconette-rinnahoidja-4\/"},"modified":"2026-04-13T15:07:03","modified_gmt":"2026-04-13T12:07:03","slug":"balconette-rinnahoidja-4","status":"publish","type":"product","link":"https:\/\/lilibet.ee\/fi\/toode\/balconette-rinnahoidja-4\/","title":{"rendered":"Balconette rinnahoidja"},"content":{"rendered":"","protected":false},"excerpt":{"rendered":"<p>Balconette l\u00f5ige on k\u00f5ige populaarsem, kuna antud mudel sobib h\u00e4sti ka t\u00e4idlasemale rinnale. \u00d5hukese poroloonkihiga kaetud korv on s\u00fcgavama l\u00f5ikega ning toestab rinda ideaalselt ning sobib h\u00e4sti kandmiseks ka s\u00fcgavama dekolteega riietuse all<\/p>\n","protected":false},"featured_media":24007,"comment_status":"open","ping_status":"closed","template":"","meta":{"iawp_total_views":117},"product_brand":[],"product_cat":[622],"product_tag":[],"class_list":{"0":"post-23977","1":"product","2":"type-product","3":"status-publish","4":"has-post-thumbnail","6":"product_cat-balconette","8":"first","9":"instock","10":"taxable","11":"shipping-taxable","12":"purchasable","13":"product-type-variable","14":"has-default-attributes"},"yoast_head":"<!-- This site is optimized with the Yoast SEO plugin v25.1 - https:\/\/yoast.com\/wordpress\/plugins\/seo\/ -->\n<title>Balconette rinnahoidja - Lilibet Pesusalong<\/title>\n<meta name=\"robots\" content=\"index, follow, max-snippet:-1, max-image-preview:large, max-video-preview:-1\" \/>\n<link rel=\"canonical\" href=\"https:\/\/lilibet.ee\/fi\/toode\/balconette-rinnahoidja-4\/\" \/>\n<meta property=\"og:locale\" content=\"fi_FI\" \/>\n<meta property=\"og:type\" content=\"article\" \/>\n<meta property=\"og:title\" content=\"Balconette rinnahoidja - Lilibet Pesusalong\" \/>\n<meta property=\"og:description\" content=\"Balconette l\u00f5ige on k\u00f5ige populaarsem, kuna antud mudel sobib h\u00e4sti ka t\u00e4idlasemale rinnale. \u00d5hukese poroloonkihiga kaetud korv on s\u00fcgavama l\u00f5ikega ning toestab rinda ideaalselt ning sobib h\u00e4sti kandmiseks ka s\u00fcgavama dekolteega riietuse all\" \/>\n<meta property=\"og:url\" content=\"https:\/\/lilibet.ee\/fi\/toode\/balconette-rinnahoidja-4\/\" \/>\n<meta property=\"og:site_name\" content=\"Lilibet Pesusalong\" \/>\n<meta property=\"article:publisher\" content=\"https:\/\/www.facebook.com\/linettepesu\" \/>\n<meta property=\"article:modified_time\" content=\"2026-04-13T12:07:03+00:00\" \/>\n<meta property=\"og:image\" content=\"https:\/\/linette.ee\/wp-content\/uploads\/626718-001e.jpg\" \/>\n\t<meta property=\"og:image:width\" content=\"721\" \/>\n\t<meta property=\"og:image:height\" content=\"1080\" \/>\n\t<meta property=\"og:image:type\" content=\"image\/jpeg\" \/>\n<meta name=\"twitter:card\" content=\"summary_large_image\" \/>\n<script type=\"application\/ld+json\" class=\"yoast-schema-graph\">{\"@context\":\"https:\/\/schema.org\",\"@graph\":[{\"@type\":\"WebPage\",\"@id\":\"https:\/\/lilibet.ee\/fi\/toode\/balconette-rinnahoidja-4\/\",\"url\":\"https:\/\/lilibet.ee\/fi\/toode\/balconette-rinnahoidja-4\/\",\"name\":\"Balconette rinnahoidja - Lilibet Pesusalong\",\"isPartOf\":{\"@id\":\"https:\/\/linette.ee\/#website\"},\"primaryImageOfPage\":{\"@id\":\"https:\/\/lilibet.ee\/fi\/toode\/balconette-rinnahoidja-4\/#primaryimage\"},\"image\":{\"@id\":\"https:\/\/lilibet.ee\/fi\/toode\/balconette-rinnahoidja-4\/#primaryimage\"},\"thumbnailUrl\":\"https:\/\/lilibet.ee\/wp-content\/uploads\/626718-001e.jpg\",\"datePublished\":\"2018-10-11T12:45:32+00:00\",\"dateModified\":\"2026-04-13T12:07:03+00:00\",\"breadcrumb\":{\"@id\":\"https:\/\/lilibet.ee\/fi\/toode\/balconette-rinnahoidja-4\/#breadcrumb\"},\"inLanguage\":\"fi\",\"potentialAction\":[{\"@type\":\"ReadAction\",\"target\":[\"https:\/\/lilibet.ee\/fi\/toode\/balconette-rinnahoidja-4\/\"]}]},{\"@type\":\"ImageObject\",\"inLanguage\":\"fi\",\"@id\":\"https:\/\/lilibet.ee\/fi\/toode\/balconette-rinnahoidja-4\/#primaryimage\",\"url\":\"https:\/\/lilibet.ee\/wp-content\/uploads\/626718-001e.jpg\",\"contentUrl\":\"https:\/\/lilibet.ee\/wp-content\/uploads\/626718-001e.jpg\",\"width\":721,\"height\":1080},{\"@type\":\"BreadcrumbList\",\"@id\":\"https:\/\/lilibet.ee\/fi\/toode\/balconette-rinnahoidja-4\/#breadcrumb\",\"itemListElement\":[{\"@type\":\"ListItem\",\"position\":1,\"name\":\"Esileht\",\"item\":\"https:\/\/lilibet.ee\/fi\/\"},{\"@type\":\"ListItem\",\"position\":2,\"name\":\"Myym\u00e4l\u00e4\",\"item\":\"https:\/\/lilibet.ee\/fi\/shop\/\"},{\"@type\":\"ListItem\",\"position\":3,\"name\":\"Balconette rinnahoidja\"}]},{\"@type\":\"WebSite\",\"@id\":\"https:\/\/linette.ee\/#website\",\"url\":\"https:\/\/linette.ee\/\",\"name\":\"Lilibet naiste pesusalong\",\"description\":\"Naiste pesu  | Pesupood\",\"publisher\":{\"@id\":\"https:\/\/linette.ee\/#organization\"},\"alternateName\":\"Lilibet\",\"potentialAction\":[{\"@type\":\"SearchAction\",\"target\":{\"@type\":\"EntryPoint\",\"urlTemplate\":\"https:\/\/linette.ee\/?s={search_term_string}\"},\"query-input\":{\"@type\":\"PropertyValueSpecification\",\"valueRequired\":true,\"valueName\":\"search_term_string\"}}],\"inLanguage\":\"fi\"},{\"@type\":\"Organization\",\"@id\":\"https:\/\/linette.ee\/#organization\",\"name\":\"Lilibet Pesusalong O\u00dc\",\"alternateName\":\"Lilibet\",\"url\":\"https:\/\/linette.ee\/\",\"logo\":{\"@type\":\"ImageObject\",\"inLanguage\":\"fi\",\"@id\":\"https:\/\/linette.ee\/#\/schema\/logo\/image\/\",\"url\":\"https:\/\/lilibet.ee\/wp-content\/uploads\/Lilibet_logo-1.png\",\"contentUrl\":\"https:\/\/lilibet.ee\/wp-content\/uploads\/Lilibet_logo-1.png\",\"width\":591,\"height\":378,\"caption\":\"Lilibet Pesusalong O\u00dc\"},\"image\":{\"@id\":\"https:\/\/linette.ee\/#\/schema\/logo\/image\/\"},\"sameAs\":[\"https:\/\/www.facebook.com\/linettepesu\",\"https:\/\/www.instagram.com\/linettelingerie\/\",\"https:\/\/www.youtube.com\/channel\/UChW5cxDfitrlVldFJIlQOQQ\"]}]}<\/script>\n<!-- \/ Yoast SEO plugin. -->","yoast_head_json":{"title":"Balconette rinnahoidja - Lilibet Pesusalong","robots":{"index":"index","follow":"follow","max-snippet":"max-snippet:-1","max-image-preview":"max-image-preview:large","max-video-preview":"max-video-preview:-1"},"canonical":"https:\/\/lilibet.ee\/fi\/toode\/balconette-rinnahoidja-4\/","og_locale":"fi_FI","og_type":"article","og_title":"Balconette rinnahoidja - Lilibet Pesusalong","og_description":"Balconette l\u00f5ige on k\u00f5ige populaarsem, kuna antud mudel sobib h\u00e4sti ka t\u00e4idlasemale rinnale. \u00d5hukese poroloonkihiga kaetud korv on s\u00fcgavama l\u00f5ikega ning toestab rinda ideaalselt ning sobib h\u00e4sti kandmiseks ka s\u00fcgavama dekolteega riietuse all","og_url":"https:\/\/lilibet.ee\/fi\/toode\/balconette-rinnahoidja-4\/","og_site_name":"Lilibet Pesusalong","article_publisher":"https:\/\/www.facebook.com\/linettepesu","article_modified_time":"2026-04-13T12:07:03+00:00","og_image":[{"width":721,"height":1080,"url":"https:\/\/linette.ee\/wp-content\/uploads\/626718-001e.jpg","type":"image\/jpeg"}],"twitter_card":"summary_large_image","schema":{"@context":"https:\/\/schema.org","@graph":[{"@type":"WebPage","@id":"https:\/\/lilibet.ee\/fi\/toode\/balconette-rinnahoidja-4\/","url":"https:\/\/lilibet.ee\/fi\/toode\/balconette-rinnahoidja-4\/","name":"Balconette rinnahoidja - Lilibet Pesusalong","isPartOf":{"@id":"https:\/\/linette.ee\/#website"},"primaryImageOfPage":{"@id":"https:\/\/lilibet.ee\/fi\/toode\/balconette-rinnahoidja-4\/#primaryimage"},"image":{"@id":"https:\/\/lilibet.ee\/fi\/toode\/balconette-rinnahoidja-4\/#primaryimage"},"thumbnailUrl":"https:\/\/lilibet.ee\/wp-content\/uploads\/626718-001e.jpg","datePublished":"2018-10-11T12:45:32+00:00","dateModified":"2026-04-13T12:07:03+00:00","breadcrumb":{"@id":"https:\/\/lilibet.ee\/fi\/toode\/balconette-rinnahoidja-4\/#breadcrumb"},"inLanguage":"fi","potentialAction":[{"@type":"ReadAction","target":["https:\/\/lilibet.ee\/fi\/toode\/balconette-rinnahoidja-4\/"]}]},{"@type":"ImageObject","inLanguage":"fi","@id":"https:\/\/lilibet.ee\/fi\/toode\/balconette-rinnahoidja-4\/#primaryimage","url":"https:\/\/lilibet.ee\/wp-content\/uploads\/626718-001e.jpg","contentUrl":"https:\/\/lilibet.ee\/wp-content\/uploads\/626718-001e.jpg","width":721,"height":1080},{"@type":"BreadcrumbList","@id":"https:\/\/lilibet.ee\/fi\/toode\/balconette-rinnahoidja-4\/#breadcrumb","itemListElement":[{"@type":"ListItem","position":1,"name":"Esileht","item":"https:\/\/lilibet.ee\/fi\/"},{"@type":"ListItem","position":2,"name":"Myym\u00e4l\u00e4","item":"https:\/\/lilibet.ee\/fi\/shop\/"},{"@type":"ListItem","position":3,"name":"Balconette rinnahoidja"}]},{"@type":"WebSite","@id":"https:\/\/linette.ee\/#website","url":"https:\/\/linette.ee\/","name":"Lilibet naiste pesusalong","description":"Naiste pesu  | Pesupood","publisher":{"@id":"https:\/\/linette.ee\/#organization"},"alternateName":"Lilibet","potentialAction":[{"@type":"SearchAction","target":{"@type":"EntryPoint","urlTemplate":"https:\/\/linette.ee\/?s={search_term_string}"},"query-input":{"@type":"PropertyValueSpecification","valueRequired":true,"valueName":"search_term_string"}}],"inLanguage":"fi"},{"@type":"Organization","@id":"https:\/\/linette.ee\/#organization","name":"Lilibet Pesusalong O\u00dc","alternateName":"Lilibet","url":"https:\/\/linette.ee\/","logo":{"@type":"ImageObject","inLanguage":"fi","@id":"https:\/\/linette.ee\/#\/schema\/logo\/image\/","url":"https:\/\/lilibet.ee\/wp-content\/uploads\/Lilibet_logo-1.png","contentUrl":"https:\/\/lilibet.ee\/wp-content\/uploads\/Lilibet_logo-1.png","width":591,"height":378,"caption":"Lilibet Pesusalong O\u00dc"},"image":{"@id":"https:\/\/linette.ee\/#\/schema\/logo\/image\/"},"sameAs":["https:\/\/www.facebook.com\/linettepesu","https:\/\/www.instagram.com\/linettelingerie\/","https:\/\/www.youtube.com\/channel\/UChW5cxDfitrlVldFJIlQOQQ"]}]}},"_links":{"self":[{"href":"https:\/\/lilibet.ee\/fi\/wp-json\/wp\/v2\/product\/23977","targetHints":{"allow":["GET"]}}],"collection":[{"href":"https:\/\/lilibet.ee\/fi\/wp-json\/wp\/v2\/product"}],"about":[{"href":"https:\/\/lilibet.ee\/fi\/wp-json\/wp\/v2\/types\/product"}],"replies":[{"embeddable":true,"href":"https:\/\/lilibet.ee\/fi\/wp-json\/wp\/v2\/comments?post=23977"}],"wp:featuredmedia":[{"embeddable":true,"href":"https:\/\/lilibet.ee\/fi\/wp-json\/wp\/v2\/media\/24007"}],"wp:attachment":[{"href":"https:\/\/lilibet.ee\/fi\/wp-json\/wp\/v2\/media?parent=23977"}],"wp:term":[{"taxonomy":"product_brand","embeddable":true,"href":"https:\/\/lilibet.ee\/fi\/wp-json\/wp\/v2\/product_brand?post=23977"},{"taxonomy":"product_cat","embeddable":true,"href":"https:\/\/lilibet.ee\/fi\/wp-json\/wp\/v2\/product_cat?post=23977"},{"taxonomy":"product_tag","embeddable":true,"href":"https:\/\/lilibet.ee\/fi\/wp-json\/wp\/v2\/product_tag?post=23977"}],"curies":[{"name":"wp","href":"https:\/\/api.w.org\/{rel}","templated":true}]}}