{"id":26922,"date":"2018-11-29T23:53:19","date_gmt":"2018-11-29T21:53:19","guid":{"rendered":"https:\/\/linette.ee\/kayttoehdot\/"},"modified":"2018-11-29T23:53:19","modified_gmt":"2018-11-29T21:53:19","slug":"kayttoehdot","status":"publish","type":"page","link":"https:\/\/lilibet.ee\/fi\/kayttoehdot\/","title":{"rendered":"K\u00e4ytt\u00f6ehdot"},"content":{"rendered":"<p><strong>1. YLEISET EHDOT<\/strong><br \/>\n1.1. K\u00e4ytt\u00f6ehtoja sovelletaan asiakkaan (j\u00e4ljemp\u00e4n\u00e4 \u201dasiakas\u201d) ja osoitteessa www.lilibet.ee sijaitsevan verkkokaupan (j\u00e4ljemp\u00e4n\u00e4 \u201dverkkokauppa\u201d) omistajan Linette Retail O\u00dc:n (j\u00e4ljemp\u00e4n\u00e4 \u201dmyyj\u00e4\u201d) v\u00e4lisiin suhteisiin tuotteita verkkokaupasta ostettaessa. N\u00e4iden ehtojen lis\u00e4ksi tuotteiden verkkokaupasta ostamiseen liittyvi\u00e4 oikeussuhteita s\u00e4\u00e4ntelee Viron voimassa oleva lains\u00e4\u00e4d\u00e4nt\u00f6.<br \/>\n1.2 Myyj\u00e4n tiedot: Linette Retail O\u00dc, Y-tunnus 11612841, Mahtra 30a, 13811 Tallinna<br \/>\n1.3. Yritys voi muuttaa verkkokaupan k\u00e4ytt\u00f6ehtoja ja tuotteiden sek\u00e4 palvelujen hintoja. Muutoksista ilmoitetaan verkkokaupassa.<br \/>\n1.4. Tuotevalikoima, hinnat ja alennukset voivat poiketa yrityksen myym\u00e4l\u00f6iden valikoimasta, hinnoista ja alennuksista.<br \/>\n<strong>2. HINNAT<\/strong><br \/>\n2.1. Tuotteiden hinnat on ilmoitettu euroina ja sis\u00e4lt\u00e4v\u00e4t arvonlis\u00e4veron 20 %.<br \/>\n2.2. Tuotteiden hintoihin lis\u00e4t\u00e4\u00e4n asiakkaan valitseman toimitustavan mukaiset l\u00e4hetyskulut.<br \/>\n2.3. Myyj\u00e4 voi m\u00e4\u00e4ritell\u00e4 t\u00e4ydent\u00e4vi\u00e4 ehtoja tuotteiden hinnoille.<br \/>\n<strong>3. TUOTTEET<\/strong><br \/>\n3.1 Verkkokaupassa kuvataan varastossa olevat tuotteet. Tuotteiden saatavuutta ei voida taata, sill\u00e4 verkkokaupan tiedot eiv\u00e4t v\u00e4ltt\u00e4m\u00e4tt\u00e4 ole ajantasaisia teknisist\u00e4 syist\u00e4.<br \/>\n3.2 Jos asiakas tilaa tuotteen ja my\u00f6hemmin ilmenee, ett\u00e4 tuotetta ei ole varastossa, verkkokauppa ei voi toimittaa tilausta. T\u00e4ss\u00e4 tapauksessa verkkokauppa ottaa yhteytt\u00e4 asiakkaaseen ja ehdottaa korvaavaa tuotetta ja sopivaa toimitusajankohtaa tai palauttaa maksetun summan asiakkaalle viimeist\u00e4\u00e4n 14 p\u00e4iv\u00e4n kuluessa.<br \/>\n3.3 Verkkokaupan tuotekuvat ovat suuntaa-antavia, ja varsinainen tuote voi jossain m\u00e4\u00e4rin poiketa kuvan tuotteesta.<br \/>\n<strong>4. OSTAMINEN<\/strong><br \/>\n4.1. Asiakas valitsee sopivan tuotteen ja lis\u00e4\u00e4 sen verkkokaupan ostoskoriin napsauttamalla painiketta \u201dLis\u00e4\u00e4 ostoskoriin\u201d.<br \/>\n4.2. Ostoskorissa voi muuttaa tuotem\u00e4\u00e4ri\u00e4 sek\u00e4 poistaa tuotteita ennen ostosten maksamista.<br \/>\n4.3. Tuotteet tilataan lis\u00e4\u00e4m\u00e4ll\u00e4 tarpeelliset tiedot vastaaviin kenttiin, valitsemalla maksutavan ja napsauttamalla lopuksi painiketta \u201dSiirry kassalle\u201c.<br \/>\n4.4. Tilaus on tehty, kun asiakas painaa \u201dMaksa\u201d-painiketta ja maksu saapuu saajalle.<br \/>\n4.5 Asiakas sitoutuu ilmoittamaan tarpeelliset ja paikkansapit\u00e4v\u00e4t tiedot tilauksessaan.<br \/>\n4.6 Myyj\u00e4 ei vastaa tilauksen k\u00e4sittelyst\u00e4, jos se osoittautuu mahdottomaksi asiakkaan esitt\u00e4mien virheellisten tietojen tai muiden niist\u00e4 aiheutuvien seurausten vuoksi.<br \/>\n4.7. Myyj\u00e4 l\u00e4hett\u00e4\u00e4 tilausvahvistuksen asiakkaan s\u00e4hk\u00f6postiosoitteeseen.<br \/>\n4.8. Jos asiakkaan tilaamaa tuotetta ei ole, myyj\u00e4 peruu tilauksen. Tilauksen voi perua joko kokonaan tai osittain. Tilauksen perumisesta ilmoitetaan viipym\u00e4tt\u00e4 asiakkaalle. Jos vain osa tilauksesta perutaan, myyj\u00e4 voi tiedustella asiakkaan toiveita tilauksen muiden tuotteiden toimittamisesta eli perutaanko koko tilaus vai toimitetaanko muut tuotteet.<br \/>\n<strong>5. MAKSAMINEN<\/strong><br \/>\n5.1. Asiakas maksaa kaikki verkkokaupasta tehdyt ostokset kokonaan ennakkoon.<br \/>\n5.2. Tilauksen voi maksaa luottokortilla (Visa, MasterCard) ja virolaisten verkkopankkilinkkien kautta.<br \/>\n5.3. Maksut k\u00e4sitell\u00e4\u00e4n turvallisesti verkkokaupan ulkopuolella: verkkopankissa maksettaessa vastaavan pankin turvallisessa maksuymp\u00e4rist\u00f6ss\u00e4 ja luottokortilla maksettaessa Maksekeskus AS:n (http:\/\/maksekeskus.ee\/) turvallisessa maksuymp\u00e4rist\u00f6ss\u00e4. Myyj\u00e4 ei p\u00e4\u00e4se asiakaan pankki- tai luottokorttitietoihin.<br \/>\n5.4. Tilaamisen ja tilauksen maksamisen j\u00e4lkeen asiakas saa s\u00e4hk\u00f6postiinsa tilausvahvistuksen. Tuotteiden mukana toimitetaan tulostettu kuitti.<br \/>\n<strong>6. TUOTTEIDEN TOIMITTAMINEN ASIAKKAALLE<\/strong><br \/>\n6.1. Verkkokaupasta voi tilata kaikista EU-maista, kuten vaikkapa Virosta, Latviasta, Liettuasta ja Suomesta.<br \/>\n6.2. Tuotteet toimitetaan asiakkaalle pakettiautomaattiin (Omniva), Itella SmartPOST O\u00dc:n palveluilla ja my\u00f6s DPD:n noutopisteeseen.<br \/>\n6.3. Asiakas maksaa tuotteiden l\u00e4hetyskulut. L\u00e4hetyskulut m\u00e4\u00e4r\u00e4ytyv\u00e4t toimitusosoitteen mukaan:<\/p>\n<ul>\n<li>Virossa: Omnivan pakettiautomaatti 3,99 \u20ac Itella SmartPOSTin pakettiautomaatti 2,99 \u20ac; DPD Pickup -piste 2,99 \u20ac<\/li>\n<li>Latviassa: Itellan pakettiautomaatti 5,69 \u20ac<\/li>\n<li>Liettuassa: Itellan pakettiautomaatti 5,69 \u20ac<\/li>\n<li>Suomessa: Itella SmartPostin pakettiautomaatti 10,83 \u20ac;<\/li>\n<\/ul>\n<p>6.4. Myyj\u00e4 kokoaa tilauksen ja luovuttaa sen postilaitokselle asiakkaalle l\u00e4hetett\u00e4v\u00e4ksi viimeist\u00e4\u00e4n viiden arkip\u00e4iv\u00e4n kuluessa tilauksen vahvistamisesta. Tilauksen toimitusaika riippuu asiakkaan valitsemasta toimitustavasta.<br \/>\n<strong>7. KAUPAN PURKAMINEN, TUOTTEIDEN PALAUTUS JA VAIHTO<\/strong><br \/>\n7.1. Asiakas voi purkaa kaupan 14 kalenterip\u00e4iv\u00e4n kuluessa l\u00e4hett\u00e4m\u00e4ll\u00e4 myyj\u00e4lle vastaavan t\u00e4ytetyn ilmoituslomakkeen joko kirjallisena (postitettu tai s\u00e4hk\u00f6isesti allekirjoitettu) tai tavalla, joka on mahdollista esitt\u00e4\u00e4 my\u00f6hemmin uudelleen kirjallisesti (s\u00e4hk\u00f6posti).<br \/>\n7.2. Myyj\u00e4 ilmoittaa asiakkaalle saaneensa kaupan purkamista koskevan ilmoituksen.<br \/>\n7.3. Asiakas sitoutuu palauttamaan tuotteen 14 kalenterip\u00e4iv\u00e4n kuluessa purkamisilmoituksen l\u00e4hett\u00e4misest\u00e4. M\u00e4\u00e4r\u00e4ajan laskenta alkaa p\u00e4iv\u00e4st\u00e4, jona asiakas tai h\u00e4nen valitsemansa kolmas osapuoli, joka ei ole tilauksen toimittaja, on vastaanottanut tuotteen. Jos tilaukseen sis\u00e4ltyy useampi kuin yksi l\u00e4hetys, kaupan purkamisaika lasketaan p\u00e4iv\u00e4st\u00e4, jolloin asiakas saa viimeisen l\u00e4hetyksen.<br \/>\n7.5. Kaupan purkamisen yhteydess\u00e4 myyj\u00e4 palauttaa asiakkaalle h\u00e4nen maksamansa summat, my\u00f6s tuotteiden l\u00e4hetyskulut asiakkaalle, maksamalla summan asiakkaan pankkitilille viimeist\u00e4\u00e4n 30 p\u00e4iv\u00e4n kuluttua siit\u00e4, kun myyj\u00e4 saa tuotteet tai asiakas todistaa palauttaneensa tuotteet myyj\u00e4lle. Myyj\u00e4ll\u00e4 on oikeus lyk\u00e4t\u00e4 summien palauttamista siihen saakka, kunnes asiakas on palauttanut tuotteet tai todistanut luovuttaneensa palautettavat tuotteet postilaitokselle. Jos kauppa puretaan, asiakas maksaa kaikki tuotteiden palauttamiseen liittyv\u00e4t suorat kulut.<br \/>\n7.6. Jos asiakas haluaa vaihtaa tuotteen, korjauttaa sen tai korvata sen toisella tuotteella, asiakkaan on t\u00e4ytett\u00e4v\u00e4 tuotteen ja kuitin mukana tuleva palautuslomake. Asiakas maksaa kaikki tuotteen palauttamiseen liittyv\u00e4t suorat kulut silloin, kun tuote vaihdetaan tai korvataan toisella tuotteella, ellei h\u00e4nelle ole l\u00e4hetetty v\u00e4\u00e4r\u00e4\u00e4 tuotetta.<br \/>\n7.7. Jos palautettavan tuotteen kunto on heikentynyt, asiakas vastaa tuotteen k\u00e4yt\u00f6n aiheuttamasta arvonmenetyksest\u00e4 vain silloin, kun h\u00e4n on k\u00e4ytt\u00e4nyt tuotetta muulla tavoin kuin varmistuakseen tuotteen olemuksesta, ominaisuuksista ja toiminnasta. Varmistuakseen tuotteen olemuksesta, ominaisuuksista ja toiminnasta kuluttajan on k\u00e4sitelt\u00e4v\u00e4 ja k\u00e4ytett\u00e4v\u00e4 tuotetta vain samalla tavalla kuin tuotteita voi k\u00e4sitell\u00e4 ja k\u00e4ytt\u00e4\u00e4 myym\u00e4l\u00e4ss\u00e4 tuotteita kokeiltaessa.<br \/>\n7.8. Hygieniasyist\u00e4 alushousuja, sukkahousuja ja sukkia ei voi palauttaa.<br \/>\n7.9. Asiakas voi vaihtaa tuotteet 14 p\u00e4iv\u00e4n kuluessa niiden vastaanottamisesta, jos tuote osoittautuu v\u00e4\u00e4r\u00e4nkokoiseksi.<br \/>\n7.10 Jos myyj\u00e4 ei voi vaihtaa palautettua tuotetta siit\u00e4 syyst\u00e4, ett\u00e4 asiakkaan haluamaa kokoa ei ole, myyj\u00e4 ottaa yhteytt\u00e4 asiakkaaseen.<br \/>\n7.11 Tuotteen voi vaihtaa toiseen tuotteeseen tai palauttaa Smartpostin pakettiautomaatilla alkuper\u00e4iseen tekstiviestiin sis\u00e4ltyv\u00e4ll\u00e4 palautuskoodilla.<br \/>\n7.12 Myyj\u00e4 maksaa pakettiautomaatin k\u00e4ytt\u00f6\u00f6n liittyv\u00e4t l\u00e4hetyskulut tuotetta palautettaessa.<br \/>\n7.13 Tuotteen voi vaihtaa vain saman tuotteen toiseen kokoon.<br \/>\n7.14 Ostaja maksaa tuotteen vaihtamiseen liittyv\u00e4t l\u00e4hetyskulut silloin, kun tuote vaihdetaan ja pakettiautomaattia k\u00e4ytet\u00e4\u00e4n.<br \/>\n7.15 Palautettavassa tai vaihdettavassa tuotteessa ei saa olla vaurioita tai k\u00e4yt\u00f6n j\u00e4lki\u00e4. Tuotteen on oltava alkuper\u00e4isess\u00e4 pakkauksessa, ja kaikkien alkuper\u00e4isten lappujen on oltava kiinni tuotteessa.<br \/>\n7.16 Asiakas sitoutuu avaamaan tuotepakkauksen aina varovasti pakkausta vaurioittamatta. Jos pakkausta ei voi avata sit\u00e4 rikkomatta, tuotetta ei tarvitse palauttaa alkuper\u00e4isess\u00e4 pakkauksessa.<\/p>\n<p><strong>8. REKLAMAATIOT<\/strong><br \/>\n8.1. Myyj\u00e4 vastaa tuotteen sellaisesta sopimusehtoja vastaamattomuudesta ja puutteista, jotka olivat olemassa tuotteen luovutushetkell\u00e4 ja jotka ilmenev\u00e4t kahden vuoden kuluessa tuotteen luovuttamisesta asiakkaalle. Jos puute ilmenee ensimm\u00e4isen kuuden kuukauden aikana oletuksena on, ett\u00e4 se oli olemassa jo tuotetta luovutettaessa. Jos n\u00e4in ei ole, myyj\u00e4n on todistettava asia.<br \/>\n8.2. Jos tuote ei vastaa vaatimuksia tai tuotteessa ilmenee puutteita, asiakkaan on ilmoitettava asiasta myyj\u00e4lle viipym\u00e4tt\u00e4 ja viimeist\u00e4\u00e4n kahden kuukauden kuluessa l\u00e4hett\u00e4m\u00e4ll\u00e4 s\u00e4hk\u00f6postia osoitteeseen info@lilibet.ee tai kirjoittamalla Linette Retail O\u00dc:lle osoitteeseen Mere pst. 4 C, 10111 Tallinna.<br \/>\n8.3. Jos tuote ei vastaa sopimusta tai on viallinen, asiakkaalla on oikeus vaatia myyj\u00e4\u00e4 suorittamaan velvollisuutensa, purkaa kauppa tai irtisanoa sopimus ja vaatia vahingon korvaamista, alennusta hinnasta sek\u00e4 vaatia viiv\u00e4styskorkoa mahdollisista my\u00f6h\u00e4styneist\u00e4 suorituksista.<br \/>\n8.4. Jos tuote ei vastaa vaatimuksia tai siin\u00e4 ilmenee puutteita, asiakkaalla on oikeus vaatia tuotteen korjaamista tai vaihtamista vaatimustenmukaiseen tai virheett\u00f6m\u00e4\u00e4n tuotteeseen tai palauttaa tuote myyj\u00e4n kustannuksella.<br \/>\nAsiakas voi vaatia tuotteen ostohinnan v\u00e4hent\u00e4mist\u00e4 tai sopimuksen irtisanomista ja tuotteesta maksetun summan palauttamista silloin, kun<br \/>\n\u2022 myyj\u00e4 ei pysty korjaamaan tai vaihtamaan tuotetta,<br \/>\n\u2022 tuotteen korjaaminen tai vaihtaminen ep\u00e4onnistuu tai<br \/>\n\u2022 myyj\u00e4 ei ole korjannut tuotteen vikaa kohtuullisen ajan kuluessa.<br \/>\n8.5. Vaatimuksia vastaamattoman tuotteen palauttamisen yhteydess\u00e4 asiakkaalle palautetaan tuotteesta maksettu summa yhdess\u00e4 toimituskulujen kanssa viimeist\u00e4\u00e4n 30 p\u00e4iv\u00e4n kuluessa asiakkaan ilmoittamalle pankkitilille. Myyj\u00e4ll\u00e4 on oikeus lyk\u00e4t\u00e4 maksettujen summien palauttamista siihen saakka, kunnes asiakas on palauttanut tuotteet tai todistanut luovuttaneensa palautettavat tuotteet postilaitokselle.<br \/>\n8.6. Ensimm\u00e4isen kuuden kuukauden aikana tuotteen luovuttamisesta myyj\u00e4 korvaa asiakkaalle tuotteen korjaamisesta tai vaihtamisesta aiheutuneet kulut ja erityisesti kuljetukseen, postitukseen, ty\u00f6h\u00f6n, matkoihin ja materiaaleihin liittyv\u00e4t kulut. Seuraavan 1,5 vuoden aikana myyj\u00e4 korvaa n\u00e4m\u00e4 kulut vain silloin, kun reklamaatio on perusteltu. Myyj\u00e4 ei korvaa asiakkaan tuotteen vaatimustenvastaisuutta tai puutteita koskevia kuluja eik\u00e4 vastaa niist\u00e4 seuraavissa tapauksissa:<br \/>\n8.6.1. Tuotteen arvo on laskenut tai tuote on vaurioitunut asiakkaasta johtuvasta syyst\u00e4;<br \/>\n8.6.2. Puutteet johtuvat tuotteen ep\u00e4tarkoituksenmukaisesta k\u00e4yt\u00f6st\u00e4, esimerkiksi hoito-ohjeiden noudattamatta j\u00e4tt\u00e4misest\u00e4;<br \/>\n8.6.3. Tuotteen arvo on laskenut tavanomaisesta k\u00e4yt\u00f6st\u00e4 johtuvan luonnollisen kulumisen vuoksi;<br \/>\n8.6.4. Kopiota oston todistavasta kuitista ei ole.<br \/>\n8.7. Jos asiakas ja myyj\u00e4 eiv\u00e4t p\u00e4\u00e4se yksimielisyyteen tuotteen puutteista, asiakkaalla on oikeus esitt\u00e4\u00e4 myyj\u00e4lle reklamaatio. Kirjallisena tai kirjallisen toisintamisen mahdollistavassa muodossa (s\u00e4hk\u00f6posti) esitett\u00e4v\u00e4st\u00e4 reklamaatiosta on ilmett\u00e4v\u00e4 asiakkaan nimi ja yhteystiedot, reklamaation p\u00e4iv\u00e4ys, tuotteen puutteet sek\u00e4 asiakkaan toivoma ratkaisu asiaan. Myyj\u00e4 vastaa asiakkaan esitt\u00e4m\u00e4\u00e4n reklamaatioon kirjallisesti tai kirjallisen uudelleenesitt\u00e4misen mahdollistavassa muodossa (s\u00e4hk\u00f6posti) 15 p\u00e4iv\u00e4n kuluessa. Jos ostajalla on verkkokaupan suhteen vaatimuksia, ne tulee l\u00e4hett\u00e4\u00e4 s\u00e4hk\u00f6postiosoitteeseen info@lilibet.ee\u00a0tai soittaa numeroon +372 6064952.<br \/>\n8.8. Jos asiakas ja myyj\u00e4 eiv\u00e4t p\u00e4\u00e4se asiassa yksimielisyyteen, asiakas voi vied\u00e4 asian Viron kuluttajaviraston yhteydess\u00e4 toimivan kuluttajariitoja k\u00e4sittelev\u00e4n lautakunnan k\u00e4sitelt\u00e4v\u00e4ksi. K\u00e4sittelyn s\u00e4\u00e4nt\u00f6ihin voi perehty\u00e4 ja ilmoituksen voi tehd\u00e4 t\u00e4st\u00e4 (https:\/\/www.tarbijakaitseamet.ee\/et\/tarbijavaidluste-komisjon).<br \/>\nViron kuluttajariitalautakunta on toimivaltainen ratkaisemaan ostajan ja myyj\u00e4n v\u00e4lill\u00e4 solmitusta sopimuksesta aiheutuvat riidat. Ostajan valituksen k\u00e4sittely lautakunnassa on maksutonta. Kuluttajavirasto k\u00e4sittelee erimielisyydet Viron lakien mukaisesti. Ostaja voi ottaa yhteytt\u00e4 my\u00f6s Euroopan unionin kuluttajaviranomaiseen. (https:\/\/ec.europa.eu\/consumers\/odr\/main\/index.cfm)<br \/>\n8.9. Jos kuluttajariitalautakunnan p\u00e4\u00e4t\u00f6st\u00e4 ei hyv\u00e4ksyt\u00e4, asia voidaan ratkaista myyj\u00e4n kotipaikan mukaisessa alioikeudessa.<\/p>\n<p><strong>9. HENKIL\u00d6TIETOJEN K\u00c4SITTELY<\/strong><br \/>\n9.1. Verkkokaupassa tilauksissa s\u00e4ilytett\u00e4vi\u00e4 tietoja asiakkaasta ja h\u00e4nen tilauksistaan k\u00e4sitell\u00e4\u00e4n luottamuksellisina tietoina. Myyj\u00e4 ei julkista tietoonsa tulleita tietoja kolmansille osapuolille.<br \/>\n9.2. Asiakkaan ja pankin sek\u00e4 korttimaksuja k\u00e4sittelevien palveluntarjoajien v\u00e4liset yhteydet on salattu asiakkaan henkil\u00f6tietojen ja pankkitietojen turvallisuuden varmistamiseksi. Myyj\u00e4 ei p\u00e4\u00e4se asiakkaan luottamuksellisiin pankki- ja maksukorttitietoihin.<br \/>\n9.3. Asiakkaan myyj\u00e4lle ilmoittamat henkil\u00f6tiedot on suojattu ja niit\u00e4 k\u00e4sitell\u00e4\u00e4n henkil\u00f6tietoja koskevien lakien mukaisesti.<br \/>\nHenkil\u00f6tietoja ker\u00e4t\u00e4\u00e4n ja k\u00e4sitell\u00e4\u00e4n ostosk\u00e4ytt\u00e4ytymisen analysointia, tarjousten laatimista ja asiakastyytyv\u00e4isyyskyselyjen j\u00e4rjest\u00e4mist\u00e4 varten.<br \/>\n9.4. Verkkokauppa l\u00e4hett\u00e4\u00e4 ostajalle uutiskirjeit\u00e4 ja tarjouksia ostajan s\u00e4hk\u00f6postiosoitteeseen ainoastaan siin\u00e4 tapauksessa, jos ostaja on ilmoittanut haluavansa vastaanottaa suoramarkkinointia sy\u00f6tt\u00e4m\u00e4ll\u00e4 s\u00e4hk\u00f6postiosoitteensa vastaavaan kohtaan verkkosivuilla.<br \/>\n9.5. Ostaja voi milloin tahansa luopua s\u00e4hk\u00f6postiin l\u00e4hetett\u00e4vist\u00e4 tarjouksista ja uutiskirjeist\u00e4 ilmoittamalla siit\u00e4 meille s\u00e4hk\u00f6postitse tai noudattamalla tarjouksia sis\u00e4lt\u00e4v\u00e4ss\u00e4 s\u00e4hk\u00f6postiviestiss\u00e4 annettuja ohjeita.<br \/>\n9.6. Asiakkaan henkil\u00f6tietoja k\u00e4sittelee Linette Retail O\u00dc (Y-tunnus 11612841, Mahtra 30a, Tallinna).<br \/>\n9.7. Linette Retail O\u00dc voi valtuuttaa muita oikeushenkil\u00f6it\u00e4 k\u00e4sittelem\u00e4\u00e4n henkil\u00f6tietoja (valtuutettu k\u00e4sittelij\u00e4) edellytt\u00e4en, ett\u00e4 kyseisen k\u00e4sittelij\u00e4n kanssa on solmittu sopimus, jonka perustella k\u00e4sittelij\u00e4 sitoutuu s\u00e4ilytt\u00e4m\u00e4\u00e4n k\u00e4sitelt\u00e4v\u00e4t henkil\u00f6tiedot luottamuksellisina ja takaamaan henkil\u00f6tietojen suojaamisen vastaavien lakien mukaisesti.<br \/>\n9.8. Linette Retail O\u00dc laatii vastaavan ajantasaisen luettelon n\u00e4ist\u00e4 oikeushenkil\u00f6ist\u00e4 ja mahdollistaa asiakkaalle p\u00e4\u00e4syn n\u00e4ihin tietoihin, kun asiakas l\u00e4hett\u00e4\u00e4 kirjallisen pyynn\u00f6n osoitteeseen Linette Retail O\u00dc, Mere pst 4C, 10111 Tallinn tai s\u00e4hk\u00f6isesti allekirjoitetun pyynn\u00f6n osoitteeseen info@lilibet.ee.<br \/>\n9.9. Ker\u00e4\u00e4mme my\u00f6s anonyymej\u00e4 tietoja i\u00e4st\u00e4, sukupuolesta ja sijainnista. Seuraamme my\u00f6s sivustollamme vierailevien sivuston k\u00e4ytt\u00f6\u00f6n liittyvi\u00e4 tottumuksia voidaksemme parantaa tarjoamaamme asiakaskokemusta.<\/p>\n<p><strong>10. VASTUU<\/strong><br \/>\n10.1 Myyj\u00e4 ja asiakas ovat toisilleen vastuussa k\u00e4ytt\u00f6ehtojen rikkomisen toiselle osapuolelle aiheuttamasta vahingosta Viron voimassa olevien lakien mukaisesti.<br \/>\n10.2 Asiakas sitoutuu k\u00e4ytt\u00e4m\u00e4\u00e4n verkkokauppaa vain sellaisiin tarkoituksiin, jotka eiv\u00e4t riko hyv\u00e4\u00e4 tapaa tai lakia.<br \/>\n<strong>11. ASIAKASPALVELU <\/strong><br \/>\nAsiakaspalvelun puhelinnumero on +372 6064952 (palvelee arkisin kello 10-17) ja s\u00e4hk\u00f6posti info@lilibet.ee<\/p>\n","protected":false},"excerpt":{"rendered":"<p>1. YLEISET EHDOT 1.1. K\u00e4ytt\u00f6ehtoja sovelletaan asiakkaan (j\u00e4ljemp\u00e4n\u00e4 \u201dasiakas\u201d) ja osoitteessa www.lilibet.ee sijaitsevan verkkokaupan (j\u00e4ljemp\u00e4n\u00e4 \u201dverkkokauppa\u201d) omistajan Linette Retail O\u00dc:n (j\u00e4ljemp\u00e4n\u00e4 \u201dmyyj\u00e4\u201d) v\u00e4lisiin suhteisiin tuotteita verkkokaupasta ostettaessa. N\u00e4iden ehtojen lis\u00e4ksi tuotteiden verkkokaupasta ostamiseen liittyvi\u00e4 oikeussuhteita s\u00e4\u00e4ntelee Viron voimassa oleva lains\u00e4\u00e4d\u00e4nt\u00f6. 1.2 Myyj\u00e4n tiedot: Linette Retail O\u00dc, Y-tunnus 11612841, Mahtra 30a, 13811 Tallinna 1.3. Yritys voi [&hellip;]<\/p>\n","protected":false},"author":9,"featured_media":0,"parent":0,"menu_order":0,"comment_status":"closed","ping_status":"closed","template":"","meta":{"iawp_total_views":30,"footnotes":""},"class_list":["post-26922","page","type-page","status-publish","hentry"],"yoast_head":"<!-- This site is optimized with the Yoast SEO plugin v25.1 - https:\/\/yoast.com\/wordpress\/plugins\/seo\/ -->\n<title>K\u00e4ytt\u00f6ehdot - Lilibet Pesusalong<\/title>\n<meta name=\"robots\" content=\"index, follow, max-snippet:-1, max-image-preview:large, max-video-preview:-1\" \/>\n<link rel=\"canonical\" href=\"https:\/\/lilibet.ee\/fi\/kayttoehdot\/\" \/>\n<meta property=\"og:locale\" content=\"fi_FI\" \/>\n<meta property=\"og:type\" content=\"article\" \/>\n<meta property=\"og:title\" content=\"K\u00e4ytt\u00f6ehdot - Lilibet Pesusalong\" \/>\n<meta property=\"og:description\" content=\"1. YLEISET EHDOT 1.1. K\u00e4ytt\u00f6ehtoja sovelletaan asiakkaan (j\u00e4ljemp\u00e4n\u00e4 \u201dasiakas\u201d) ja osoitteessa www.lilibet.ee sijaitsevan verkkokaupan (j\u00e4ljemp\u00e4n\u00e4 \u201dverkkokauppa\u201d) omistajan Linette Retail O\u00dc:n (j\u00e4ljemp\u00e4n\u00e4 \u201dmyyj\u00e4\u201d) v\u00e4lisiin suhteisiin tuotteita verkkokaupasta ostettaessa. N\u00e4iden ehtojen lis\u00e4ksi tuotteiden verkkokaupasta ostamiseen liittyvi\u00e4 oikeussuhteita s\u00e4\u00e4ntelee Viron voimassa oleva lains\u00e4\u00e4d\u00e4nt\u00f6. 1.2 Myyj\u00e4n tiedot: Linette Retail O\u00dc, Y-tunnus 11612841, Mahtra 30a, 13811 Tallinna 1.3. Yritys voi [&hellip;]\" \/>\n<meta property=\"og:url\" content=\"https:\/\/lilibet.ee\/fi\/kayttoehdot\/\" \/>\n<meta property=\"og:site_name\" content=\"Lilibet Pesusalong\" \/>\n<meta property=\"article:publisher\" content=\"https:\/\/www.facebook.com\/linettepesu\" \/>\n<meta property=\"og:image\" content=\"https:\/\/lilibet.ee\/wp-content\/uploads\/Lilibet_logo-1.png\" \/>\n\t<meta property=\"og:image:width\" content=\"591\" \/>\n\t<meta property=\"og:image:height\" content=\"378\" \/>\n\t<meta property=\"og:image:type\" content=\"image\/png\" \/>\n<meta name=\"twitter:card\" content=\"summary_large_image\" \/>\n<meta name=\"twitter:label1\" content=\"Arvioitu lukuaika\" \/>\n\t<meta name=\"twitter:data1\" content=\"9 minuuttia\" \/>\n<script type=\"application\/ld+json\" class=\"yoast-schema-graph\">{\"@context\":\"https:\/\/schema.org\",\"@graph\":[{\"@type\":\"WebPage\",\"@id\":\"https:\/\/lilibet.ee\/fi\/kayttoehdot\/\",\"url\":\"https:\/\/lilibet.ee\/fi\/kayttoehdot\/\",\"name\":\"K\u00e4ytt\u00f6ehdot - Lilibet Pesusalong\",\"isPartOf\":{\"@id\":\"https:\/\/linette.ee\/#website\"},\"datePublished\":\"2018-11-29T21:53:19+00:00\",\"breadcrumb\":{\"@id\":\"https:\/\/lilibet.ee\/fi\/kayttoehdot\/#breadcrumb\"},\"inLanguage\":\"fi\",\"potentialAction\":[{\"@type\":\"ReadAction\",\"target\":[\"https:\/\/lilibet.ee\/fi\/kayttoehdot\/\"]}]},{\"@type\":\"BreadcrumbList\",\"@id\":\"https:\/\/lilibet.ee\/fi\/kayttoehdot\/#breadcrumb\",\"itemListElement\":[{\"@type\":\"ListItem\",\"position\":1,\"name\":\"Esileht\",\"item\":\"https:\/\/lilibet.ee\/fi\/\"},{\"@type\":\"ListItem\",\"position\":2,\"name\":\"K\u00e4ytt\u00f6ehdot\"}]},{\"@type\":\"WebSite\",\"@id\":\"https:\/\/linette.ee\/#website\",\"url\":\"https:\/\/linette.ee\/\",\"name\":\"Lilibet naiste pesusalong\",\"description\":\"Naiste pesu  | Pesupood\",\"publisher\":{\"@id\":\"https:\/\/linette.ee\/#organization\"},\"alternateName\":\"Lilibet\",\"potentialAction\":[{\"@type\":\"SearchAction\",\"target\":{\"@type\":\"EntryPoint\",\"urlTemplate\":\"https:\/\/linette.ee\/?s={search_term_string}\"},\"query-input\":{\"@type\":\"PropertyValueSpecification\",\"valueRequired\":true,\"valueName\":\"search_term_string\"}}],\"inLanguage\":\"fi\"},{\"@type\":\"Organization\",\"@id\":\"https:\/\/linette.ee\/#organization\",\"name\":\"Lilibet Pesusalong O\u00dc\",\"alternateName\":\"Lilibet\",\"url\":\"https:\/\/linette.ee\/\",\"logo\":{\"@type\":\"ImageObject\",\"inLanguage\":\"fi\",\"@id\":\"https:\/\/linette.ee\/#\/schema\/logo\/image\/\",\"url\":\"https:\/\/lilibet.ee\/wp-content\/uploads\/Lilibet_logo-1.png\",\"contentUrl\":\"https:\/\/lilibet.ee\/wp-content\/uploads\/Lilibet_logo-1.png\",\"width\":591,\"height\":378,\"caption\":\"Lilibet Pesusalong O\u00dc\"},\"image\":{\"@id\":\"https:\/\/linette.ee\/#\/schema\/logo\/image\/\"},\"sameAs\":[\"https:\/\/www.facebook.com\/linettepesu\",\"https:\/\/www.instagram.com\/linettelingerie\/\",\"https:\/\/www.youtube.com\/channel\/UChW5cxDfitrlVldFJIlQOQQ\"]}]}<\/script>\n<!-- \/ Yoast SEO plugin. -->","yoast_head_json":{"title":"K\u00e4ytt\u00f6ehdot - Lilibet Pesusalong","robots":{"index":"index","follow":"follow","max-snippet":"max-snippet:-1","max-image-preview":"max-image-preview:large","max-video-preview":"max-video-preview:-1"},"canonical":"https:\/\/lilibet.ee\/fi\/kayttoehdot\/","og_locale":"fi_FI","og_type":"article","og_title":"K\u00e4ytt\u00f6ehdot - Lilibet Pesusalong","og_description":"1. YLEISET EHDOT 1.1. K\u00e4ytt\u00f6ehtoja sovelletaan asiakkaan (j\u00e4ljemp\u00e4n\u00e4 \u201dasiakas\u201d) ja osoitteessa www.lilibet.ee sijaitsevan verkkokaupan (j\u00e4ljemp\u00e4n\u00e4 \u201dverkkokauppa\u201d) omistajan Linette Retail O\u00dc:n (j\u00e4ljemp\u00e4n\u00e4 \u201dmyyj\u00e4\u201d) v\u00e4lisiin suhteisiin tuotteita verkkokaupasta ostettaessa. N\u00e4iden ehtojen lis\u00e4ksi tuotteiden verkkokaupasta ostamiseen liittyvi\u00e4 oikeussuhteita s\u00e4\u00e4ntelee Viron voimassa oleva lains\u00e4\u00e4d\u00e4nt\u00f6. 1.2 Myyj\u00e4n tiedot: Linette Retail O\u00dc, Y-tunnus 11612841, Mahtra 30a, 13811 Tallinna 1.3. Yritys voi [&hellip;]","og_url":"https:\/\/lilibet.ee\/fi\/kayttoehdot\/","og_site_name":"Lilibet Pesusalong","article_publisher":"https:\/\/www.facebook.com\/linettepesu","og_image":[{"width":591,"height":378,"url":"https:\/\/lilibet.ee\/wp-content\/uploads\/Lilibet_logo-1.png","type":"image\/png"}],"twitter_card":"summary_large_image","twitter_misc":{"Arvioitu lukuaika":"9 minuuttia"},"schema":{"@context":"https:\/\/schema.org","@graph":[{"@type":"WebPage","@id":"https:\/\/lilibet.ee\/fi\/kayttoehdot\/","url":"https:\/\/lilibet.ee\/fi\/kayttoehdot\/","name":"K\u00e4ytt\u00f6ehdot - Lilibet Pesusalong","isPartOf":{"@id":"https:\/\/linette.ee\/#website"},"datePublished":"2018-11-29T21:53:19+00:00","breadcrumb":{"@id":"https:\/\/lilibet.ee\/fi\/kayttoehdot\/#breadcrumb"},"inLanguage":"fi","potentialAction":[{"@type":"ReadAction","target":["https:\/\/lilibet.ee\/fi\/kayttoehdot\/"]}]},{"@type":"BreadcrumbList","@id":"https:\/\/lilibet.ee\/fi\/kayttoehdot\/#breadcrumb","itemListElement":[{"@type":"ListItem","position":1,"name":"Esileht","item":"https:\/\/lilibet.ee\/fi\/"},{"@type":"ListItem","position":2,"name":"K\u00e4ytt\u00f6ehdot"}]},{"@type":"WebSite","@id":"https:\/\/linette.ee\/#website","url":"https:\/\/linette.ee\/","name":"Lilibet naiste pesusalong","description":"Naiste pesu  | Pesupood","publisher":{"@id":"https:\/\/linette.ee\/#organization"},"alternateName":"Lilibet","potentialAction":[{"@type":"SearchAction","target":{"@type":"EntryPoint","urlTemplate":"https:\/\/linette.ee\/?s={search_term_string}"},"query-input":{"@type":"PropertyValueSpecification","valueRequired":true,"valueName":"search_term_string"}}],"inLanguage":"fi"},{"@type":"Organization","@id":"https:\/\/linette.ee\/#organization","name":"Lilibet Pesusalong O\u00dc","alternateName":"Lilibet","url":"https:\/\/linette.ee\/","logo":{"@type":"ImageObject","inLanguage":"fi","@id":"https:\/\/linette.ee\/#\/schema\/logo\/image\/","url":"https:\/\/lilibet.ee\/wp-content\/uploads\/Lilibet_logo-1.png","contentUrl":"https:\/\/lilibet.ee\/wp-content\/uploads\/Lilibet_logo-1.png","width":591,"height":378,"caption":"Lilibet Pesusalong O\u00dc"},"image":{"@id":"https:\/\/linette.ee\/#\/schema\/logo\/image\/"},"sameAs":["https:\/\/www.facebook.com\/linettepesu","https:\/\/www.instagram.com\/linettelingerie\/","https:\/\/www.youtube.com\/channel\/UChW5cxDfitrlVldFJIlQOQQ"]}]}},"_links":{"self":[{"href":"https:\/\/lilibet.ee\/fi\/wp-json\/wp\/v2\/pages\/26922","targetHints":{"allow":["GET"]}}],"collection":[{"href":"https:\/\/lilibet.ee\/fi\/wp-json\/wp\/v2\/pages"}],"about":[{"href":"https:\/\/lilibet.ee\/fi\/wp-json\/wp\/v2\/types\/page"}],"author":[{"embeddable":true,"href":"https:\/\/lilibet.ee\/fi\/wp-json\/wp\/v2\/users\/9"}],"replies":[{"embeddable":true,"href":"https:\/\/lilibet.ee\/fi\/wp-json\/wp\/v2\/comments?post=26922"}],"version-history":[{"count":0,"href":"https:\/\/lilibet.ee\/fi\/wp-json\/wp\/v2\/pages\/26922\/revisions"}],"wp:attachment":[{"href":"https:\/\/lilibet.ee\/fi\/wp-json\/wp\/v2\/media?parent=26922"}],"curies":[{"name":"wp","href":"https:\/\/api.w.org\/{rel}","templated":true}]}}