{"id":26921,"date":"2018-11-29T23:52:55","date_gmt":"2018-11-29T21:52:55","guid":{"rendered":"https:\/\/linette.ee\/isikuandmete-tootlemine\/"},"modified":"2023-08-10T13:26:09","modified_gmt":"2023-08-10T10:26:09","slug":"henkilotietojen-tuottaminen","status":"publish","type":"page","link":"https:\/\/lilibet.ee\/fi\/henkilotietojen-tuottaminen\/","title":{"rendered":"Henkil\u00f6tietojen k\u00e4sittely"},"content":{"rendered":"\t\t<div data-elementor-type=\"wp-page\" data-elementor-id=\"26921\" class=\"elementor elementor-26921 elementor-20448\">\n\t\t\t\t\t\t<section class=\"elementor-section elementor-top-section elementor-element elementor-element-9e01596 elementor-section-boxed elementor-section-height-default elementor-section-height-default\" data-id=\"9e01596\" data-element_type=\"section\">\n\t\t\t\t\t\t<div class=\"elementor-container elementor-column-gap-default\">\n\t\t\t\t\t<div class=\"elementor-column elementor-col-100 elementor-top-column elementor-element elementor-element-16a6aab\" data-id=\"16a6aab\" data-element_type=\"column\">\n\t\t\t<div class=\"elementor-widget-wrap elementor-element-populated\">\n\t\t\t\t\t\t<section class=\"elementor-section elementor-inner-section elementor-element elementor-element-4bdfeda elementor-section-boxed elementor-section-height-default elementor-section-height-default\" data-id=\"4bdfeda\" data-element_type=\"section\">\n\t\t\t\t\t\t<div class=\"elementor-container elementor-column-gap-default\">\n\t\t\t\t\t<div class=\"elementor-column elementor-col-100 elementor-inner-column elementor-element elementor-element-61e3634\" data-id=\"61e3634\" data-element_type=\"column\">\n\t\t\t<div class=\"elementor-widget-wrap elementor-element-populated\">\n\t\t\t\t\t\t<div class=\"elementor-element elementor-element-5364806 elementor-widget elementor-widget-text-editor\" data-id=\"5364806\" data-element_type=\"widget\" data-widget_type=\"text-editor.default\">\n\t\t\t\t<div class=\"elementor-widget-container\">\n\t\t\t\t\t\t\t\t\t<p><strong>HENKIL\u00d6TIETOJEN K\u00c4SITTELY<\/strong><\/p>\n<p>Verkkokaupan <a href=\"http:\/\/www.lilibet.ee\/\">www.lilibet.ee<\/a> henkil\u00f6tietojen rekisterinpit\u00e4j\u00e4 on O\u00dc Lilibet pesusalong (rekisteritunnus 16178254), joka sijaitsee Haapsalussa, Haapsalu, Mulla tn 12, 90504, puh. +372 51 54 136 ja s\u00e4hk\u00f6posti info@lilibet.ee.<\/p>\n<p><strong> <\/strong><\/p>\n<p><strong>Mit\u00e4 henkil\u00f6tietoja k\u00e4sitell\u00e4\u00e4n<\/strong><\/p>\n<ul>\n<li>nimi, puhelinnumero ja s\u00e4hk\u00f6postiosoite;<\/li>\n<li>toimitusosoite;<\/li>\n<li>pankkitilin numero;<\/li>\n<li>tavaroiden ja palvelujen kustannukset ja maksutiedot (ostohistoria);<\/li>\n<li>asiakastuen tiedot;<\/li>\n<li>luottokorttitiedot.<\/li>\n<\/ul>\n<p><strong>Henkil\u00f6tietojen k\u00e4sittelyn tarkoitukset<\/strong><\/p>\n<p>Henkil\u00f6tietoja k\u00e4ytet\u00e4\u00e4n asiakastilausten hallinnointiin ja tavaroiden toimittamiseen.<\/p>\n<p>Ostohistoriatietoja (ostop\u00e4iv\u00e4m\u00e4\u00e4r\u00e4, tavarat, m\u00e4\u00e4r\u00e4, asiakastiedot) k\u00e4ytet\u00e4\u00e4n yleiskuvan laatimiseen ostetuista tavaroista ja palveluista sek\u00e4 asiakkaiden mieltymysten analysointiin.<\/p>\n<p>Pankkitilin numeroa k\u00e4ytet\u00e4\u00e4n maksujen palauttamiseen asiakkaalle.<\/p>\n<p>Henkil\u00f6tietoja, kuten s\u00e4hk\u00f6postiosoitetta, puhelinnumeroa ja asiakkaan nime\u00e4, k\u00e4sitell\u00e4\u00e4n tavaroiden ja palvelujen toimittamiseen liittyvien ongelmien ratkaisemiseksi (asiakastuki).<\/p>\n<p>Verkkokaupan k\u00e4ytt\u00e4j\u00e4n IP-osoitetta tai muita verkkotunnisteita k\u00e4sitell\u00e4\u00e4n verkkokaupan tarjoamiseksi tietoyhteiskunnan palveluna ja verkkok\u00e4ytt\u00f6tilastoja varten.<\/p>\n<p><strong>Oikeusperusta<\/strong><\/p>\n<p>Henkil\u00f6tietojen k\u00e4sittely suoritetaan asiakkaan kanssa tehdyn sopimuksen t\u00e4ytt\u00e4miseksi.<\/p>\n<p>Henkil\u00f6tietojen k\u00e4sittely oikeudellisen velvoitteen t\u00e4ytt\u00e4miseksi (esim. kirjanpito ja kuluttajariitojen ratkaiseminen).<\/p>\n<p><strong>Vastaanottajat, joille henkil\u00f6tietoja luovutetaan  <\/strong><\/p>\n<p>Henkil\u00f6tiedot siirret\u00e4\u00e4n verkkokaupan asiakastukeen ostojen ja ostohistorian hallintaa sek\u00e4 asiakkaiden ongelmien ratkaisemista varten.<\/p>\n<p>Nimi, puhelinnumero ja s\u00e4hk\u00f6postiosoite toimitetaan asiakkaan valitsemalle kuljetuspalvelun tarjoajalle. Jos tavarat toimitetaan kuriirin v\u00e4lityksell\u00e4, yhteystietojen lis\u00e4ksi ilmoitetaan asiakkaan osoite.<\/p>\n<p>Jos verkkokaupan kirjanpidon hoitaa palveluntarjoaja, henkil\u00f6tiedot siirret\u00e4\u00e4n palveluntarjoajalle kirjanpitotoimien suorittamista varten.<\/p>\n<p>Henkil\u00f6tietoja voidaan siirt\u00e4\u00e4 tietotekniikan palveluntarjoajille, jos se on tarpeen verkkokaupan toimivuuden tai tietojen saatavuuden varmistamiseksi.<\/p>\n<p>Maksujen k\u00e4sittely\u00e4 varten tarvittavat henkil\u00f6tiedot toimitetaan Maksekeskus AS:lle.<\/p>\n<p><strong>Tietoturva ja tiedonsaanti<\/strong><\/p>\n<p>Henkil\u00f6tietoja tallennetaan Zone Media O\u00dc:n palvelimille, jotka sijaitsevat Euroopan unionin j\u00e4senvaltion alueella tai Euroopan talousalueeseen kuuluvien maiden alueella. Tietoja voidaan siirt\u00e4\u00e4 maihin, joiden tietosuojan tason Euroopan komissio on arvioinut riitt\u00e4v\u00e4ksi, sek\u00e4 Yhdysvalloissa sijaitseviin yrityksiin, jotka ovat allekirjoittaneet<em>Privacy Shield<\/em>-j\u00e4rjestelm\u00e4n.<\/p>\n<p>Henkil\u00f6tietoihin on p\u00e4\u00e4sy verkkokaupan ty\u00f6ntekij\u00f6ill\u00e4, joilla on p\u00e4\u00e4sy henkil\u00f6tietoihin verkkokaupan k\u00e4ytt\u00f6\u00f6n liittyvien teknisten ongelmien ratkaisemiseksi ja asiakastukipalvelujen tarjoamiseksi.<\/p>\n<p>Verkkokauppa toteuttaa asianmukaisia fyysisi\u00e4, organisatorisia ja tietoteknisi\u00e4 turvatoimia henkil\u00f6tietojen suojaamiseksi vahingossa tapahtuvalta tai laittomalta tuhoamiselta, h\u00e4vi\u00e4miselt\u00e4, muuttamiselta tai luvattomalta k\u00e4yt\u00f6lt\u00e4 ja paljastamiselta.<\/p>\n<p>Henkil\u00f6tietojen siirto verkkokaupan henkil\u00f6tietojen k\u00e4sittelij\u00f6ille (esim. kuljetuspalvelujen tarjoaja ja tietojen tallennus) perustuu verkkokaupan ja k\u00e4sittelij\u00f6iden v\u00e4lisiin sopimuksiin. Rekisterinpit\u00e4jien on varmistettava asianmukaiset suojatoimet henkil\u00f6tietoja k\u00e4sitelless\u00e4\u00e4n.<\/p>\n<p><strong>P\u00e4\u00e4sy henkil\u00f6tietoihin ja niiden korjaaminen  <\/strong><\/p>\n<p>Henkil\u00f6tietoja voi tarkastella ja korjata verkkokaupan k\u00e4ytt\u00e4j\u00e4profiilissa. Jos ostos on tehty ilman k\u00e4ytt\u00e4j\u00e4tili\u00e4, p\u00e4\u00e4set k\u00e4siksi henkil\u00f6kohtaisiin tietoihin kirjautumalla sis\u00e4\u00e4n.<\/p>\n<p><strong>Suostumuksen peruuttaminen  <\/strong><\/p>\n<p>Jos henkil\u00f6tietojen k\u00e4sittely perustuu asiakkaan suostumukseen, asiakkaalla on oikeus peruuttaa suostumus ilmoittamalla siit\u00e4 asiakastukeen s\u00e4hk\u00f6postitse.<\/p>\n<p><strong> <\/strong><\/p>\n<p><strong>Varastointi<\/strong><\/p>\n<p>Henkil\u00f6tiedot poistetaan, kun suljet verkkokauppatilisi, paitsi jos tietoja on s\u00e4ilytett\u00e4v\u00e4 kirjanpitotarkoituksiin tai kuluttajariitojen ratkaisemiseksi.<\/p>\n<p>Jos ostos tehd\u00e4\u00e4n verkkokaupassa ilman asiakastili\u00e4, ostohistoriaa s\u00e4ilytet\u00e4\u00e4n kolme vuotta.<\/p>\n<p>Maksuja ja kuluttajariitoja koskevissa riita-asioissa henkil\u00f6tietoja s\u00e4ilytet\u00e4\u00e4n, kunnes saatava on ratkaistu tai vanhentumisaika on p\u00e4\u00e4ttynyt.<\/p>\n<p>Kirjanpitoa varten tarvittavat henkil\u00f6tiedot s\u00e4ilytet\u00e4\u00e4n seitsem\u00e4n vuotta.<\/p>\n<p><strong> <\/strong><\/p>\n<p><strong>Poistaminen<\/strong><\/p>\n<p>Jos haluat poistaa henkil\u00f6tietoja, sinun on otettava yhteytt\u00e4 asiakastukeen s\u00e4hk\u00f6postitse. Poistopyynt\u00f6\u00f6n vastataan viimeist\u00e4\u00e4n kuukauden kuluessa ja ilmoitetaan poistoaika.<\/p>\n<p><strong> <\/strong><\/p>\n<p><strong>Siirto  <\/strong><\/p>\n<p>S\u00e4hk\u00f6postitse tehtyihin henkil\u00f6tietojen siirtoa koskeviin pyynt\u00f6ihin vastataan viimeist\u00e4\u00e4n kuukauden kuluessa. Asiakaspalvelu tarkistaa henkil\u00f6llisyyden ja ilmoittaa siirrett\u00e4vist\u00e4 henkil\u00f6tiedoista.<\/p>\n<p><strong>Suoramarkkinointiviestint\u00e4<\/strong><\/p>\n<p>S\u00e4hk\u00f6postiosoitetta ja puhelinnumeroa k\u00e4ytet\u00e4\u00e4n suoramarkkinointiviestien l\u00e4hett\u00e4miseen, jos asiakas on antanut siihen suostumuksensa. Jos asiakas ei halua vastaanottaa suoramarkkinointiviestint\u00e4\u00e4, h\u00e4nen on valittava asianmukainen maininta s\u00e4hk\u00f6postin alatunnisteesta tai otettava yhteytt\u00e4 asiakastukeen.<\/p>\n<p>Jos henkil\u00f6tietoja k\u00e4sitell\u00e4\u00e4n suoramarkkinointitarkoituksiin (profilointi), asiakkaalla on oikeus milloin tahansa vastustaa sek\u00e4 henkil\u00f6tietojensa alkuper\u00e4ist\u00e4 ett\u00e4 my\u00f6hemp\u00e4\u00e4 k\u00e4sittely\u00e4, mukaan lukien suoramarkkinointiin liittyv\u00e4 profilointi, ilmoittamalla siit\u00e4 asiakastukeen s\u00e4hk\u00f6postitse.<\/p>\n<p><strong>Riitojen ratkaiseminen<\/strong><\/p>\n<p>Henkil\u00f6tietojen k\u00e4sittelyyn liittyv\u00e4t riidat voidaan ratkaista asiakastuen kautta (s\u00e4hk\u00f6posti: info@lilibet.ee, puhelin +372 51 54 136). Valvontaviranomainen on Viron tietosuojavaltuutettu (info@aki.ee).<\/p>\n\t\t\t\t\t\t\t\t<\/div>\n\t\t\t\t<\/div>\n\t\t\t\t\t<\/div>\n\t\t<\/div>\n\t\t\t\t\t<\/div>\n\t\t<\/section>\n\t\t\t\t\t<\/div>\n\t\t<\/div>\n\t\t\t\t\t<\/div>\n\t\t<\/section>\n\t\t\t\t<\/div>\n\t\t","protected":false},"excerpt":{"rendered":"<p>HENKIL\u00d6TIETOJEN K\u00c4SITTELY Verkkokaupan www.lilibet.ee henkil\u00f6tietojen rekisterinpit\u00e4j\u00e4 on O\u00dc Lilibet pesusalong (rekisteritunnus 16178254), joka sijaitsee Haapsalussa, Haapsalu, Mulla tn 12, 90504, puh. +372 51 54 136 ja s\u00e4hk\u00f6posti info@lilibet.ee. Mit\u00e4 henkil\u00f6tietoja k\u00e4sitell\u00e4\u00e4n nimi, puhelinnumero ja s\u00e4hk\u00f6postiosoite; toimitusosoite; pankkitilin numero; tavaroiden ja palvelujen kustannukset ja maksutiedot (ostohistoria); asiakastuen tiedot; luottokorttitiedot. Henkil\u00f6tietojen k\u00e4sittelyn tarkoitukset Henkil\u00f6tietoja k\u00e4ytet\u00e4\u00e4n asiakastilausten hallinnointiin [&hellip;]<\/p>\n","protected":false},"author":7,"featured_media":0,"parent":0,"menu_order":0,"comment_status":"closed","ping_status":"closed","template":"","meta":{"iawp_total_views":11,"footnotes":""},"class_list":["post-26921","page","type-page","status-publish","hentry"],"yoast_head":"<!-- This site is optimized with the Yoast SEO plugin v25.1 - https:\/\/yoast.com\/wordpress\/plugins\/seo\/ -->\n<title>Henkil\u00f6tietojen k\u00e4sittely - Lilibet Pesusalong<\/title>\n<meta name=\"robots\" content=\"index, follow, max-snippet:-1, max-image-preview:large, max-video-preview:-1\" \/>\n<link rel=\"canonical\" href=\"https:\/\/lilibet.ee\/fi\/henkilotietojen-tuottaminen\/\" \/>\n<meta property=\"og:locale\" content=\"fi_FI\" \/>\n<meta property=\"og:type\" content=\"article\" \/>\n<meta property=\"og:title\" content=\"Henkil\u00f6tietojen k\u00e4sittely - Lilibet Pesusalong\" \/>\n<meta property=\"og:description\" content=\"HENKIL\u00d6TIETOJEN K\u00c4SITTELY Verkkokaupan www.lilibet.ee henkil\u00f6tietojen rekisterinpit\u00e4j\u00e4 on O\u00dc Lilibet pesusalong (rekisteritunnus 16178254), joka sijaitsee Haapsalussa, Haapsalu, Mulla tn 12, 90504, puh. +372 51 54 136 ja s\u00e4hk\u00f6posti info@lilibet.ee. Mit\u00e4 henkil\u00f6tietoja k\u00e4sitell\u00e4\u00e4n nimi, puhelinnumero ja s\u00e4hk\u00f6postiosoite; toimitusosoite; pankkitilin numero; tavaroiden ja palvelujen kustannukset ja maksutiedot (ostohistoria); asiakastuen tiedot; luottokorttitiedot. Henkil\u00f6tietojen k\u00e4sittelyn tarkoitukset Henkil\u00f6tietoja k\u00e4ytet\u00e4\u00e4n asiakastilausten hallinnointiin [&hellip;]\" \/>\n<meta property=\"og:url\" content=\"https:\/\/lilibet.ee\/fi\/henkilotietojen-tuottaminen\/\" \/>\n<meta property=\"og:site_name\" content=\"Lilibet Pesusalong\" \/>\n<meta property=\"article:publisher\" content=\"https:\/\/www.facebook.com\/linettepesu\" \/>\n<meta property=\"article:modified_time\" content=\"2023-08-10T10:26:09+00:00\" \/>\n<meta property=\"og:image\" content=\"https:\/\/lilibet.ee\/wp-content\/uploads\/Lilibet_logo-1.png\" \/>\n\t<meta property=\"og:image:width\" content=\"591\" \/>\n\t<meta property=\"og:image:height\" content=\"378\" \/>\n\t<meta property=\"og:image:type\" content=\"image\/png\" \/>\n<meta name=\"twitter:card\" content=\"summary_large_image\" \/>\n<meta name=\"twitter:label1\" content=\"Arvioitu lukuaika\" \/>\n\t<meta name=\"twitter:data1\" content=\"3 minuuttia\" \/>\n<script type=\"application\/ld+json\" class=\"yoast-schema-graph\">{\"@context\":\"https:\/\/schema.org\",\"@graph\":[{\"@type\":\"WebPage\",\"@id\":\"https:\/\/lilibet.ee\/fi\/henkilotietojen-tuottaminen\/\",\"url\":\"https:\/\/lilibet.ee\/fi\/henkilotietojen-tuottaminen\/\",\"name\":\"Henkil\u00f6tietojen k\u00e4sittely - Lilibet Pesusalong\",\"isPartOf\":{\"@id\":\"https:\/\/linette.ee\/#website\"},\"datePublished\":\"2018-11-29T21:52:55+00:00\",\"dateModified\":\"2023-08-10T10:26:09+00:00\",\"breadcrumb\":{\"@id\":\"https:\/\/lilibet.ee\/fi\/henkilotietojen-tuottaminen\/#breadcrumb\"},\"inLanguage\":\"fi\",\"potentialAction\":[{\"@type\":\"ReadAction\",\"target\":[\"https:\/\/lilibet.ee\/fi\/henkilotietojen-tuottaminen\/\"]}]},{\"@type\":\"BreadcrumbList\",\"@id\":\"https:\/\/lilibet.ee\/fi\/henkilotietojen-tuottaminen\/#breadcrumb\",\"itemListElement\":[{\"@type\":\"ListItem\",\"position\":1,\"name\":\"Esileht\",\"item\":\"https:\/\/lilibet.ee\/fi\/\"},{\"@type\":\"ListItem\",\"position\":2,\"name\":\"Henkil\u00f6tietojen k\u00e4sittely\"}]},{\"@type\":\"WebSite\",\"@id\":\"https:\/\/linette.ee\/#website\",\"url\":\"https:\/\/linette.ee\/\",\"name\":\"Lilibet naiste pesusalong\",\"description\":\"Naiste pesu  | Pesupood\",\"publisher\":{\"@id\":\"https:\/\/linette.ee\/#organization\"},\"alternateName\":\"Lilibet\",\"potentialAction\":[{\"@type\":\"SearchAction\",\"target\":{\"@type\":\"EntryPoint\",\"urlTemplate\":\"https:\/\/linette.ee\/?s={search_term_string}\"},\"query-input\":{\"@type\":\"PropertyValueSpecification\",\"valueRequired\":true,\"valueName\":\"search_term_string\"}}],\"inLanguage\":\"fi\"},{\"@type\":\"Organization\",\"@id\":\"https:\/\/linette.ee\/#organization\",\"name\":\"Lilibet Pesusalong O\u00dc\",\"alternateName\":\"Lilibet\",\"url\":\"https:\/\/linette.ee\/\",\"logo\":{\"@type\":\"ImageObject\",\"inLanguage\":\"fi\",\"@id\":\"https:\/\/linette.ee\/#\/schema\/logo\/image\/\",\"url\":\"https:\/\/lilibet.ee\/wp-content\/uploads\/Lilibet_logo-1.png\",\"contentUrl\":\"https:\/\/lilibet.ee\/wp-content\/uploads\/Lilibet_logo-1.png\",\"width\":591,\"height\":378,\"caption\":\"Lilibet Pesusalong O\u00dc\"},\"image\":{\"@id\":\"https:\/\/linette.ee\/#\/schema\/logo\/image\/\"},\"sameAs\":[\"https:\/\/www.facebook.com\/linettepesu\",\"https:\/\/www.instagram.com\/linettelingerie\/\",\"https:\/\/www.youtube.com\/channel\/UChW5cxDfitrlVldFJIlQOQQ\"]}]}<\/script>\n<!-- \/ Yoast SEO plugin. -->","yoast_head_json":{"title":"Henkil\u00f6tietojen k\u00e4sittely - Lilibet Pesusalong","robots":{"index":"index","follow":"follow","max-snippet":"max-snippet:-1","max-image-preview":"max-image-preview:large","max-video-preview":"max-video-preview:-1"},"canonical":"https:\/\/lilibet.ee\/fi\/henkilotietojen-tuottaminen\/","og_locale":"fi_FI","og_type":"article","og_title":"Henkil\u00f6tietojen k\u00e4sittely - Lilibet Pesusalong","og_description":"HENKIL\u00d6TIETOJEN K\u00c4SITTELY Verkkokaupan www.lilibet.ee henkil\u00f6tietojen rekisterinpit\u00e4j\u00e4 on O\u00dc Lilibet pesusalong (rekisteritunnus 16178254), joka sijaitsee Haapsalussa, Haapsalu, Mulla tn 12, 90504, puh. +372 51 54 136 ja s\u00e4hk\u00f6posti info@lilibet.ee. Mit\u00e4 henkil\u00f6tietoja k\u00e4sitell\u00e4\u00e4n nimi, puhelinnumero ja s\u00e4hk\u00f6postiosoite; toimitusosoite; pankkitilin numero; tavaroiden ja palvelujen kustannukset ja maksutiedot (ostohistoria); asiakastuen tiedot; luottokorttitiedot. Henkil\u00f6tietojen k\u00e4sittelyn tarkoitukset Henkil\u00f6tietoja k\u00e4ytet\u00e4\u00e4n asiakastilausten hallinnointiin [&hellip;]","og_url":"https:\/\/lilibet.ee\/fi\/henkilotietojen-tuottaminen\/","og_site_name":"Lilibet Pesusalong","article_publisher":"https:\/\/www.facebook.com\/linettepesu","article_modified_time":"2023-08-10T10:26:09+00:00","og_image":[{"width":591,"height":378,"url":"https:\/\/lilibet.ee\/wp-content\/uploads\/Lilibet_logo-1.png","type":"image\/png"}],"twitter_card":"summary_large_image","twitter_misc":{"Arvioitu lukuaika":"3 minuuttia"},"schema":{"@context":"https:\/\/schema.org","@graph":[{"@type":"WebPage","@id":"https:\/\/lilibet.ee\/fi\/henkilotietojen-tuottaminen\/","url":"https:\/\/lilibet.ee\/fi\/henkilotietojen-tuottaminen\/","name":"Henkil\u00f6tietojen k\u00e4sittely - Lilibet Pesusalong","isPartOf":{"@id":"https:\/\/linette.ee\/#website"},"datePublished":"2018-11-29T21:52:55+00:00","dateModified":"2023-08-10T10:26:09+00:00","breadcrumb":{"@id":"https:\/\/lilibet.ee\/fi\/henkilotietojen-tuottaminen\/#breadcrumb"},"inLanguage":"fi","potentialAction":[{"@type":"ReadAction","target":["https:\/\/lilibet.ee\/fi\/henkilotietojen-tuottaminen\/"]}]},{"@type":"BreadcrumbList","@id":"https:\/\/lilibet.ee\/fi\/henkilotietojen-tuottaminen\/#breadcrumb","itemListElement":[{"@type":"ListItem","position":1,"name":"Esileht","item":"https:\/\/lilibet.ee\/fi\/"},{"@type":"ListItem","position":2,"name":"Henkil\u00f6tietojen k\u00e4sittely"}]},{"@type":"WebSite","@id":"https:\/\/linette.ee\/#website","url":"https:\/\/linette.ee\/","name":"Lilibet naiste pesusalong","description":"Naiste pesu  | Pesupood","publisher":{"@id":"https:\/\/linette.ee\/#organization"},"alternateName":"Lilibet","potentialAction":[{"@type":"SearchAction","target":{"@type":"EntryPoint","urlTemplate":"https:\/\/linette.ee\/?s={search_term_string}"},"query-input":{"@type":"PropertyValueSpecification","valueRequired":true,"valueName":"search_term_string"}}],"inLanguage":"fi"},{"@type":"Organization","@id":"https:\/\/linette.ee\/#organization","name":"Lilibet Pesusalong O\u00dc","alternateName":"Lilibet","url":"https:\/\/linette.ee\/","logo":{"@type":"ImageObject","inLanguage":"fi","@id":"https:\/\/linette.ee\/#\/schema\/logo\/image\/","url":"https:\/\/lilibet.ee\/wp-content\/uploads\/Lilibet_logo-1.png","contentUrl":"https:\/\/lilibet.ee\/wp-content\/uploads\/Lilibet_logo-1.png","width":591,"height":378,"caption":"Lilibet Pesusalong O\u00dc"},"image":{"@id":"https:\/\/linette.ee\/#\/schema\/logo\/image\/"},"sameAs":["https:\/\/www.facebook.com\/linettepesu","https:\/\/www.instagram.com\/linettelingerie\/","https:\/\/www.youtube.com\/channel\/UChW5cxDfitrlVldFJIlQOQQ"]}]}},"_links":{"self":[{"href":"https:\/\/lilibet.ee\/fi\/wp-json\/wp\/v2\/pages\/26921","targetHints":{"allow":["GET"]}}],"collection":[{"href":"https:\/\/lilibet.ee\/fi\/wp-json\/wp\/v2\/pages"}],"about":[{"href":"https:\/\/lilibet.ee\/fi\/wp-json\/wp\/v2\/types\/page"}],"author":[{"embeddable":true,"href":"https:\/\/lilibet.ee\/fi\/wp-json\/wp\/v2\/users\/7"}],"replies":[{"embeddable":true,"href":"https:\/\/lilibet.ee\/fi\/wp-json\/wp\/v2\/comments?post=26921"}],"version-history":[{"count":4,"href":"https:\/\/lilibet.ee\/fi\/wp-json\/wp\/v2\/pages\/26921\/revisions"}],"predecessor-version":[{"id":58349,"href":"https:\/\/lilibet.ee\/fi\/wp-json\/wp\/v2\/pages\/26921\/revisions\/58349"}],"wp:attachment":[{"href":"https:\/\/lilibet.ee\/fi\/wp-json\/wp\/v2\/media?parent=26921"}],"curies":[{"name":"wp","href":"https:\/\/api.w.org\/{rel}","templated":true}]}}